{"id":2239,"date":"2020-04-30T02:18:41","date_gmt":"2020-04-30T05:18:41","guid":{"rendered":"https:\/\/www.vbdivulg.com\/?page_id=2239"},"modified":"2020-05-07T19:32:52","modified_gmt":"2020-05-07T22:32:52","slug":"elementor-2239","status":"publish","type":"page","link":"https:\/\/www.vbdivulg.com\/index.php\/elementor-2239\/","title":{"rendered":"Elementor #2239"},"content":{"rendered":"\t\t<div data-elementor-type=\"wp-page\" data-elementor-id=\"2239\" class=\"elementor elementor-2239\" data-elementor-settings=\"[]\">\n\t\t\t<div class=\"elementor-inner\">\n\t\t\t\t<div class=\"elementor-section-wrap\">\n\t\t\t\t\t\t\t<section class=\"elementor-element elementor-element-a217732 elementor-section-boxed elementor-section-height-default elementor-section-height-default elementor-section elementor-top-section\" data-id=\"a217732\" data-element_type=\"section\">\n\t\t\t\t\t\t<div class=\"elementor-container elementor-column-gap-default\">\n\t\t\t\t<div class=\"elementor-row\">\n\t\t\t\t<div class=\"elementor-element elementor-element-cf4484f elementor-column elementor-col-100 elementor-top-column\" data-id=\"cf4484f\" data-element_type=\"column\">\n\t\t\t<div class=\"elementor-column-wrap  elementor-element-populated\">\n\t\t\t\t\t<div class=\"elementor-widget-wrap\">\n\t\t\t\t<div class=\"elementor-element elementor-element-0580dad elementor-invisible elementor-widget elementor-widget-heading\" data-id=\"0580dad\" data-element_type=\"widget\" data-settings=\"{&quot;_animation&quot;:&quot;fadeInLeft&quot;}\" data-widget_type=\"heading.default\">\n\t\t\t\t<div class=\"elementor-widget-container\">\n\t\t\t<h2 class=\"elementor-heading-title elementor-size-large\">BLOG da VBDivulg Promo e Cupons<\/h2>\t\t<\/div>\n\t\t\t\t<\/div>\n\t\t\t\t\t\t<\/div>\n\t\t\t<\/div>\n\t\t<\/div>\n\t\t\t\t\t\t<\/div>\n\t\t\t<\/div>\n\t\t<\/section>\n\t\t\t\t<section class=\"elementor-element elementor-element-3d8622e elementor-section-boxed elementor-section-height-default elementor-section-height-default elementor-section elementor-top-section\" data-id=\"3d8622e\" data-element_type=\"section\">\n\t\t\t\t\t\t<div class=\"elementor-container elementor-column-gap-default\">\n\t\t\t\t<div class=\"elementor-row\">\n\t\t\t\t<div class=\"elementor-element elementor-element-7b44827 elementor-column elementor-col-100 elementor-top-column\" data-id=\"7b44827\" data-element_type=\"column\">\n\t\t\t<div class=\"elementor-column-wrap  elementor-element-populated\">\n\t\t\t\t\t<div class=\"elementor-widget-wrap\">\n\t\t\t\t<div class=\"elementor-element elementor-element-04994c6 elementor-widget elementor-widget-heading\" data-id=\"04994c6\" data-element_type=\"widget\" data-widget_type=\"heading.default\">\n\t\t\t\t<div class=\"elementor-widget-container\">\n\t\t\t<h2 class=\"elementor-heading-title elementor-size-large\">EM DESTAQUE<\/h2>\t\t<\/div>\n\t\t\t\t<\/div>\n\t\t\t\t<div class=\"elementor-element elementor-element-abc323d elementor-widget elementor-widget-divider\" data-id=\"abc323d\" data-element_type=\"widget\" data-widget_type=\"divider.default\">\n\t\t\t\t<div class=\"elementor-widget-container\">\n\t\t\t\t\t<div class=\"elementor-divider\">\n\t\t\t<span class=\"elementor-divider-separator\">\n\t\t\t\t\t\t<\/span>\n\t\t<\/div>\n\t\t\t\t<\/div>\n\t\t\t\t<\/div>\n\t\t\t\t\t\t<\/div>\n\t\t\t<\/div>\n\t\t<\/div>\n\t\t\t\t\t\t<\/div>\n\t\t\t<\/div>\n\t\t<\/section>\n\t\t\t\t<section class=\"elementor-element elementor-element-1270988 elementor-section-boxed elementor-section-height-default elementor-section-height-default elementor-section elementor-top-section\" data-id=\"1270988\" data-element_type=\"section\">\n\t\t\t\t\t\t<div class=\"elementor-container elementor-column-gap-default\">\n\t\t\t\t<div class=\"elementor-row\">\n\t\t\t\t<div class=\"elementor-element elementor-element-99949b3 elementor-column elementor-col-25 elementor-top-column\" data-id=\"99949b3\" data-element_type=\"column\">\n\t\t\t<div class=\"elementor-column-wrap  elementor-element-populated\">\n\t\t\t\t\t<div class=\"elementor-widget-wrap\">\n\t\t\t\t<div class=\"elementor-element elementor-element-aef974e elementor-widget elementor-widget-heading\" data-id=\"aef974e\" data-element_type=\"widget\" data-widget_type=\"heading.default\">\n\t\t\t\t<div class=\"elementor-widget-container\">\n\t\t\t<h2 class=\"elementor-heading-title elementor-size-medium\">DESTAQUE 1<\/h2>\t\t<\/div>\n\t\t\t\t<\/div>\n\t\t\t\t<div class=\"elementor-element elementor-element-2245ee7 elementor-grid-eael-col-1 elementor-grid-tablet-eael-col-2 elementor-grid-mobile-eael-col-1 elementor-widget elementor-widget-eael-post-grid\" data-id=\"2245ee7\" data-element_type=\"widget\" data-settings=\"{&quot;eael_post_grid_columns&quot;:&quot;eael-col-1&quot;,&quot;eael_post_grid_columns_tablet&quot;:&quot;eael-col-2&quot;,&quot;eael_post_grid_columns_mobile&quot;:&quot;eael-col-1&quot;}\" data-widget_type=\"eael-post-grid.default\">\n\t\t\t\t<div class=\"elementor-widget-container\">\n\t\t\t<div id=\"eael-post-grid-2245ee7\" class=\"eael-post-grid-container\">\n            <div class=\"eael-post-grid eael-post-appender eael-post-appender-2245ee7\" data-layout-mode=\"grid\">\n                <p class=\"no-posts-found\">No posts found!<\/p>\n            <\/div>\n            <div class=\"clearfix\"><\/div>\n        <\/div>\t\t<\/div>\n\t\t\t\t<\/div>\n\t\t\t\t\t\t<\/div>\n\t\t\t<\/div>\n\t\t<\/div>\n\t\t\t\t<div class=\"elementor-element elementor-element-4bc60d8 elementor-column elementor-col-25 elementor-top-column\" data-id=\"4bc60d8\" data-element_type=\"column\">\n\t\t\t<div class=\"elementor-column-wrap  elementor-element-populated\">\n\t\t\t\t\t<div class=\"elementor-widget-wrap\">\n\t\t\t\t<div class=\"elementor-element elementor-element-bc9b797 elementor-widget elementor-widget-heading\" data-id=\"bc9b797\" data-element_type=\"widget\" data-widget_type=\"heading.default\">\n\t\t\t\t<div class=\"elementor-widget-container\">\n\t\t\t<h2 class=\"elementor-heading-title elementor-size-medium\">DESTAQUE 2<\/h2>\t\t<\/div>\n\t\t\t\t<\/div>\n\t\t\t\t<div class=\"elementor-element elementor-element-f22b6de elementor-grid-eael-col-1 elementor-grid-tablet-eael-col-2 elementor-grid-mobile-eael-col-1 elementor-widget elementor-widget-eael-post-grid\" data-id=\"f22b6de\" data-element_type=\"widget\" data-settings=\"{&quot;eael_post_grid_columns&quot;:&quot;eael-col-1&quot;,&quot;eael_post_grid_columns_tablet&quot;:&quot;eael-col-2&quot;,&quot;eael_post_grid_columns_mobile&quot;:&quot;eael-col-1&quot;}\" data-widget_type=\"eael-post-grid.default\">\n\t\t\t\t<div class=\"elementor-widget-container\">\n\t\t\t<div id=\"eael-post-grid-f22b6de\" class=\"eael-post-grid-container\">\n            <div class=\"eael-post-grid eael-post-appender eael-post-appender-f22b6de\" data-layout-mode=\"grid\">\n                <p class=\"no-posts-found\">No posts found!<\/p>\n            <\/div>\n            <div class=\"clearfix\"><\/div>\n        <\/div>\t\t<\/div>\n\t\t\t\t<\/div>\n\t\t\t\t\t\t<\/div>\n\t\t\t<\/div>\n\t\t<\/div>\n\t\t\t\t<div class=\"elementor-element elementor-element-9f9f629 elementor-column elementor-col-25 elementor-top-column\" data-id=\"9f9f629\" data-element_type=\"column\">\n\t\t\t<div class=\"elementor-column-wrap  elementor-element-populated\">\n\t\t\t\t\t<div class=\"elementor-widget-wrap\">\n\t\t\t\t<div class=\"elementor-element elementor-element-3402ce9 elementor-widget elementor-widget-heading\" data-id=\"3402ce9\" data-element_type=\"widget\" data-widget_type=\"heading.default\">\n\t\t\t\t<div class=\"elementor-widget-container\">\n\t\t\t<h2 class=\"elementor-heading-title elementor-size-medium\">DESTAQUE 3<\/h2>\t\t<\/div>\n\t\t\t\t<\/div>\n\t\t\t\t<div class=\"elementor-element elementor-element-0541d95 elementor-grid-eael-col-1 elementor-grid-tablet-eael-col-2 elementor-grid-mobile-eael-col-1 elementor-widget elementor-widget-eael-post-grid\" data-id=\"0541d95\" data-element_type=\"widget\" data-settings=\"{&quot;eael_post_grid_columns&quot;:&quot;eael-col-1&quot;,&quot;eael_post_grid_columns_tablet&quot;:&quot;eael-col-2&quot;,&quot;eael_post_grid_columns_mobile&quot;:&quot;eael-col-1&quot;}\" data-widget_type=\"eael-post-grid.default\">\n\t\t\t\t<div class=\"elementor-widget-container\">\n\t\t\t<div id=\"eael-post-grid-0541d95\" class=\"eael-post-grid-container\">\n            <div class=\"eael-post-grid eael-post-appender eael-post-appender-0541d95\" data-layout-mode=\"masonry\">\n                <p class=\"no-posts-found\">No posts found!<\/p>\n            <\/div>\n            <div class=\"clearfix\"><\/div>\n        <\/div>\t\t<\/div>\n\t\t\t\t<\/div>\n\t\t\t\t\t\t<\/div>\n\t\t\t<\/div>\n\t\t<\/div>\n\t\t\t\t<div class=\"elementor-element elementor-element-1fdffb9 elementor-column elementor-col-25 elementor-top-column\" data-id=\"1fdffb9\" data-element_type=\"column\">\n\t\t\t<div class=\"elementor-column-wrap  elementor-element-populated\">\n\t\t\t\t\t<div class=\"elementor-widget-wrap\">\n\t\t\t\t<div class=\"elementor-element elementor-element-7b3d0b7 elementor-widget elementor-widget-heading\" data-id=\"7b3d0b7\" data-element_type=\"widget\" data-widget_type=\"heading.default\">\n\t\t\t\t<div class=\"elementor-widget-container\">\n\t\t\t<h2 class=\"elementor-heading-title elementor-size-medium\">DESTAQUE 4<\/h2>\t\t<\/div>\n\t\t\t\t<\/div>\n\t\t\t\t<div class=\"elementor-element elementor-element-6b20013 elementor-grid-eael-col-1 elementor-grid-tablet-eael-col-2 elementor-grid-mobile-eael-col-1 elementor-widget elementor-widget-eael-post-grid\" data-id=\"6b20013\" data-element_type=\"widget\" data-settings=\"{&quot;eael_post_grid_columns&quot;:&quot;eael-col-1&quot;,&quot;eael_post_grid_columns_tablet&quot;:&quot;eael-col-2&quot;,&quot;eael_post_grid_columns_mobile&quot;:&quot;eael-col-1&quot;}\" data-widget_type=\"eael-post-grid.default\">\n\t\t\t\t<div class=\"elementor-widget-container\">\n\t\t\t<div id=\"eael-post-grid-6b20013\" class=\"eael-post-grid-container\">\n            <div class=\"eael-post-grid eael-post-appender eael-post-appender-6b20013\" data-layout-mode=\"grid\">\n                <article class=\"eael-grid-post eael-post-grid-column\" data-id=\"2268\">\n                    <div class=\"eael-grid-post-holder\">\n                        <div class=\"eael-grid-post-holder-inner\"><div class=\"eael-entry-media\"><div class=\"eael-entry-overlay fade-in\"><i class=\"fas fa-long-arrow-alt-right\" aria-hidden=\"true\"><\/i><a\n                                                href=\"https:\/\/www.vbdivulg.com\/index.php\/2020\/04\/30\/sabia-que-sua-tv-pode-virar-smart-apenas-com-um-aparelho\/\"\n                                                \n                                                \n                                            ><\/a><\/div><div class=\"eael-entry-thumbnail\">\n                                        <img decoding=\"async\" src=\"https:\/\/www.vbdivulg.com\/wp-content\/uploads\/2020\/04\/photo_2020-04-27_15-48-37-300x300.jpg\" alt=\"\">\n                                    <\/div><\/div><div class=\"eael-entry-wrapper\">\n                                    <header class=\"eael-entry-header\"><h2 class=\"eael-entry-title\"><a\n                                                class=\"eael-grid-post-link\"\n                                                href=\"https:\/\/www.vbdivulg.com\/index.php\/2020\/04\/30\/sabia-que-sua-tv-pode-virar-smart-apenas-com-um-aparelho\/\"\n                                                title=\"Sabia que sua TV pode virar Smart apenas com um aparelho ?\"\n                                                \n                                                \n                                                >Sabia que sua TV pode virar Smart apenas com um aparelho ?<\/a><\/h2><\/header><div class=\"eael-entry-content\">\n                                            <div class=\"eael-grid-post-excerpt\"><p>A sua TV ainda n\u00e3o \u00e9 smart e voc\u00ea sente...<\/p><a\n                                                    href=\"https:\/\/www.vbdivulg.com\/index.php\/2020\/04\/30\/sabia-que-sua-tv-pode-virar-smart-apenas-com-um-aparelho\/\"\n                                                    class=\"eael-post-elements-readmore-btn\"\n                                                    \n                                                    \n                                                    >Leia Mais<\/a><\/div>\n                                        <\/div><\/div><div class=\"eael-entry-footer\"><div class=\"eael-author-avatar\">\n                                                <a href=\"https:\/\/www.vbdivulg.com\/index.php\/author\/vbdivulg\/\"><img alt='' src='https:\/\/secure.gravatar.com\/avatar\/14c532abae5d9f7dff4633ed8dd1dcde?s=96&#038;d=mm&#038;r=g' srcset='https:\/\/secure.gravatar.com\/avatar\/14c532abae5d9f7dff4633ed8dd1dcde?s=192&#038;d=mm&#038;r=g 2x' class='avatar avatar-96 photo' height='96' width='96' \/><\/a>\n                                            <\/div><div class=\"eael-entry-meta\"><div class=\"eael-posted-by\"><a href=\"https:\/\/www.vbdivulg.com\/index.php\/author\/vbdivulg\/\" title=\"Posts de VBDivulg Promo e Cupons\" rel=\"author\">VBDivulg Promo e Cupons<\/a><\/div><div class=\"eael-posted-on\"><time datetime=\"30 de abril de 2020\">30 de abril de 2020<\/time><\/div><\/div><\/div><\/div>\n                    <\/div>\n                <\/article>\n            <\/div>\n            <div class=\"clearfix\"><\/div>\n        <\/div>\t\t<\/div>\n\t\t\t\t<\/div>\n\t\t\t\t\t\t<\/div>\n\t\t\t<\/div>\n\t\t<\/div>\n\t\t\t\t\t\t<\/div>\n\t\t\t<\/div>\n\t\t<\/section>\n\t\t\t\t<section class=\"elementor-element elementor-element-366bca5 elementor-section-boxed elementor-section-height-default elementor-section-height-default elementor-section elementor-top-section\" data-id=\"366bca5\" data-element_type=\"section\">\n\t\t\t\t\t\t<div class=\"elementor-container elementor-column-gap-default\">\n\t\t\t\t<div class=\"elementor-row\">\n\t\t\t\t<div class=\"elementor-element elementor-element-03a69df elementor-column elementor-col-100 elementor-top-column\" data-id=\"03a69df\" data-element_type=\"column\">\n\t\t\t<div class=\"elementor-column-wrap  elementor-element-populated\">\n\t\t\t\t\t<div class=\"elementor-widget-wrap\">\n\t\t\t\t<div class=\"elementor-element elementor-element-523fa7d elementor-widget elementor-widget-heading\" data-id=\"523fa7d\" data-element_type=\"widget\" data-widget_type=\"heading.default\">\n\t\t\t\t<div class=\"elementor-widget-container\">\n\t\t\t<h2 class=\"elementor-heading-title elementor-size-default\">VIAGENS<\/h2>\t\t<\/div>\n\t\t\t\t<\/div>\n\t\t\t\t\t\t<\/div>\n\t\t\t<\/div>\n\t\t<\/div>\n\t\t\t\t\t\t<\/div>\n\t\t\t<\/div>\n\t\t<\/section>\n\t\t\t\t<section class=\"elementor-element elementor-element-9a02eb9 elementor-section-boxed elementor-section-height-default elementor-section-height-default elementor-section elementor-top-section\" data-id=\"9a02eb9\" data-element_type=\"section\">\n\t\t\t\t\t\t<div class=\"elementor-container elementor-column-gap-default\">\n\t\t\t\t<div class=\"elementor-row\">\n\t\t\t\t<div class=\"elementor-element elementor-element-0e87f14 elementor-column elementor-col-33 elementor-top-column\" data-id=\"0e87f14\" data-element_type=\"column\">\n\t\t\t<div class=\"elementor-column-wrap  elementor-element-populated\">\n\t\t\t\t\t<div class=\"elementor-widget-wrap\">\n\t\t\t\t<div class=\"elementor-element elementor-element-f93e68e elementor-grid-eael-col-1 elementor-grid-tablet-eael-col-2 elementor-grid-mobile-eael-col-1 elementor-widget elementor-widget-eael-post-grid\" data-id=\"f93e68e\" data-element_type=\"widget\" data-settings=\"{&quot;eael_post_grid_columns&quot;:&quot;eael-col-1&quot;,&quot;eael_post_grid_columns_tablet&quot;:&quot;eael-col-2&quot;,&quot;eael_post_grid_columns_mobile&quot;:&quot;eael-col-1&quot;}\" data-widget_type=\"eael-post-grid.default\">\n\t\t\t\t<div class=\"elementor-widget-container\">\n\t\t\t<div id=\"eael-post-grid-f93e68e\" class=\"eael-post-grid-container\">\n            <div class=\"eael-post-grid eael-post-appender eael-post-appender-f93e68e\" data-layout-mode=\"masonry\">\n                <article class=\"eael-grid-post eael-post-grid-column\" data-id=\"3873\">\n                    <div class=\"eael-grid-post-holder\">\n                        <div class=\"eael-grid-post-holder-inner\"><div class=\"eael-entry-media\"><div class=\"eael-entry-overlay fade-in\"><i class=\"fas fa-long-arrow-alt-right\" aria-hidden=\"true\"><\/i><a\n                                                href=\"https:\/\/www.vbdivulg.com\/index.php\/2020\/07\/01\/o-que-e-amazon-prime\/\"\n                                                \n                                                \n                                            ><\/a><\/div><div class=\"eael-entry-thumbnail\">\n                                        <img decoding=\"async\" src=\"https:\/\/www.vbdivulg.com\/wp-content\/uploads\/2020\/07\/prime-300x256.jpg\" alt=\"\">\n                                    <\/div><\/div><\/div>\n                    <\/div>\n                <\/article>\n            <\/div>\n            <div class=\"clearfix\"><\/div>\n        <\/div>\t\t<\/div>\n\t\t\t\t<\/div>\n\t\t\t\t\t\t<\/div>\n\t\t\t<\/div>\n\t\t<\/div>\n\t\t\t\t<div class=\"elementor-element elementor-element-7529ffc elementor-column elementor-col-33 elementor-top-column\" data-id=\"7529ffc\" data-element_type=\"column\">\n\t\t\t<div class=\"elementor-column-wrap  elementor-element-populated\">\n\t\t\t\t\t<div class=\"elementor-widget-wrap\">\n\t\t\t\t<div class=\"elementor-element elementor-element-5237a4a elementor-grid-eael-col-1 elementor-grid-tablet-eael-col-2 elementor-grid-mobile-eael-col-1 elementor-widget elementor-widget-eael-post-grid\" data-id=\"5237a4a\" data-element_type=\"widget\" data-settings=\"{&quot;eael_post_grid_columns&quot;:&quot;eael-col-1&quot;,&quot;eael_post_grid_columns_tablet&quot;:&quot;eael-col-2&quot;,&quot;eael_post_grid_columns_mobile&quot;:&quot;eael-col-1&quot;}\" data-widget_type=\"eael-post-grid.default\">\n\t\t\t\t<div class=\"elementor-widget-container\">\n\t\t\t<div id=\"eael-post-grid-5237a4a\" class=\"eael-post-grid-container\">\n            <div class=\"eael-post-grid eael-post-appender eael-post-appender-5237a4a\" data-layout-mode=\"masonry\">\n                <article class=\"eael-grid-post eael-post-grid-column\" data-id=\"3873\">\n                    <div class=\"eael-grid-post-holder\">\n                        <div class=\"eael-grid-post-holder-inner\"><div class=\"eael-entry-wrapper\">\n                                    <header class=\"eael-entry-header\"><h2 class=\"eael-entry-title\"><a\n                                                class=\"eael-grid-post-link\"\n                                                href=\"https:\/\/www.vbdivulg.com\/index.php\/2020\/07\/01\/o-que-e-amazon-prime\/\"\n                                                title=\"O que \u00e9 Amazon Prime ?\"\n                                                \n                                                \n                                                >O que \u00e9 Amazon Prime ?<\/a><\/h2><\/header><div class=\"eael-entry-content\">\n                                            <div class=\"eael-grid-post-excerpt\"><p>Amazon Prime \u00e9 um pacote de servi\u00e7os oferecido aos clientes...<\/p><a\n                                                    href=\"https:\/\/www.vbdivulg.com\/index.php\/2020\/07\/01\/o-que-e-amazon-prime\/\"\n                                                    class=\"eael-post-elements-readmore-btn\"\n                                                    \n                                                    \n                                                    >Read More<\/a><\/div>\n                                        <\/div><\/div><div class=\"eael-entry-footer\"><div class=\"eael-author-avatar\">\n                                                <a href=\"https:\/\/www.vbdivulg.com\/index.php\/author\/vbdivulg\/\"><img alt='' src='https:\/\/secure.gravatar.com\/avatar\/14c532abae5d9f7dff4633ed8dd1dcde?s=96&#038;d=mm&#038;r=g' srcset='https:\/\/secure.gravatar.com\/avatar\/14c532abae5d9f7dff4633ed8dd1dcde?s=192&#038;d=mm&#038;r=g 2x' class='avatar avatar-96 photo' height='96' width='96' \/><\/a>\n                                            <\/div><div class=\"eael-entry-meta\"><div class=\"eael-posted-by\"><a href=\"https:\/\/www.vbdivulg.com\/index.php\/author\/vbdivulg\/\" title=\"Posts de VBDivulg Promo e Cupons\" rel=\"author\">VBDivulg Promo e Cupons<\/a><\/div><div class=\"eael-posted-on\"><time datetime=\"1 de julho de 2020\">1 de julho de 2020<\/time><\/div><\/div><\/div><\/div>\n                    <\/div>\n                <\/article>\n            <\/div>\n            <div class=\"clearfix\"><\/div>\n        <\/div>\t\t<\/div>\n\t\t\t\t<\/div>\n\t\t\t\t\t\t<\/div>\n\t\t\t<\/div>\n\t\t<\/div>\n\t\t\t\t<div class=\"elementor-element elementor-element-fb6ddd0 elementor-column elementor-col-33 elementor-top-column\" data-id=\"fb6ddd0\" data-element_type=\"column\">\n\t\t\t<div class=\"elementor-column-wrap\">\n\t\t\t\t\t<div class=\"elementor-widget-wrap\">\n\t\t\t\t\t\t<\/div>\n\t\t\t<\/div>\n\t\t<\/div>\n\t\t\t\t\t\t<\/div>\n\t\t\t<\/div>\n\t\t<\/section>\n\t\t\t\t<section class=\"elementor-element elementor-element-75ea87b elementor-section-boxed elementor-section-height-default elementor-section-height-default elementor-section elementor-top-section\" data-id=\"75ea87b\" data-element_type=\"section\">\n\t\t\t\t\t\t<div class=\"elementor-container elementor-column-gap-default\">\n\t\t\t\t<div class=\"elementor-row\">\n\t\t\t\t<div class=\"elementor-element elementor-element-eb24d59 elementor-column elementor-col-33 elementor-top-column\" data-id=\"eb24d59\" data-element_type=\"column\">\n\t\t\t<div class=\"elementor-column-wrap  elementor-element-populated\">\n\t\t\t\t\t<div class=\"elementor-widget-wrap\">\n\t\t\t\t<div class=\"elementor-element elementor-element-429248f elementor-grid-eael-col-1 elementor-grid-tablet-eael-col-2 elementor-grid-mobile-eael-col-1 elementor-widget elementor-widget-eael-post-grid\" data-id=\"429248f\" data-element_type=\"widget\" data-settings=\"{&quot;eael_post_grid_columns&quot;:&quot;eael-col-1&quot;,&quot;eael_post_grid_columns_tablet&quot;:&quot;eael-col-2&quot;,&quot;eael_post_grid_columns_mobile&quot;:&quot;eael-col-1&quot;}\" data-widget_type=\"eael-post-grid.default\">\n\t\t\t\t<div class=\"elementor-widget-container\">\n\t\t\t<div id=\"eael-post-grid-429248f\" class=\"eael-post-grid-container\">\n            <div class=\"eael-post-grid eael-post-appender eael-post-appender-429248f\" data-layout-mode=\"grid\">\n                <p class=\"no-posts-found\">No posts found!<\/p>\n            <\/div>\n            <div class=\"clearfix\"><\/div>\n        <\/div>\t\t<\/div>\n\t\t\t\t<\/div>\n\t\t\t\t\t\t<\/div>\n\t\t\t<\/div>\n\t\t<\/div>\n\t\t\t\t<div class=\"elementor-element elementor-element-cfb5e2a elementor-column elementor-col-33 elementor-top-column\" data-id=\"cfb5e2a\" data-element_type=\"column\">\n\t\t\t<div class=\"elementor-column-wrap  elementor-element-populated\">\n\t\t\t\t\t<div class=\"elementor-widget-wrap\">\n\t\t\t\t<div class=\"elementor-element elementor-element-2a61273 elementor-grid-eael-col-1 elementor-grid-tablet-eael-col-2 elementor-grid-mobile-eael-col-1 elementor-widget elementor-widget-eael-post-grid\" data-id=\"2a61273\" data-element_type=\"widget\" data-settings=\"{&quot;eael_post_grid_columns&quot;:&quot;eael-col-1&quot;,&quot;eael_post_grid_columns_tablet&quot;:&quot;eael-col-2&quot;,&quot;eael_post_grid_columns_mobile&quot;:&quot;eael-col-1&quot;}\" data-widget_type=\"eael-post-grid.default\">\n\t\t\t\t<div class=\"elementor-widget-container\">\n\t\t\t<div id=\"eael-post-grid-2a61273\" class=\"eael-post-grid-container\">\n            <div class=\"eael-post-grid eael-post-appender eael-post-appender-2a61273\" data-layout-mode=\"masonry\">\n                <p class=\"no-posts-found\">No posts found!<\/p>\n            <\/div>\n            <div class=\"clearfix\"><\/div>\n        <\/div>\t\t<\/div>\n\t\t\t\t<\/div>\n\t\t\t\t\t\t<\/div>\n\t\t\t<\/div>\n\t\t<\/div>\n\t\t\t\t<div class=\"elementor-element elementor-element-f7f353a elementor-column elementor-col-33 elementor-top-column\" data-id=\"f7f353a\" data-element_type=\"column\">\n\t\t\t<div class=\"elementor-column-wrap\">\n\t\t\t\t\t<div class=\"elementor-widget-wrap\">\n\t\t\t\t\t\t<\/div>\n\t\t\t<\/div>\n\t\t<\/div>\n\t\t\t\t\t\t<\/div>\n\t\t\t<\/div>\n\t\t<\/section>\n\t\t\t\t\t\t<\/div>\n\t\t\t<\/div>\n\t\t<\/div>\n\t\t","protected":false},"excerpt":{"rendered":"<p>BLOG da VBDivulg Promo e Cupons EM DESTAQUE DESTAQUE 1 Teste para blog zsxczxcl\u00e7kz\u00e7l zlckzlc~\u00e7klc kzlxc\u00e7kz~clk~zxc zl\u00e7ckzx\u00e7c Leia Mais RICARDO ALMEIDA30 de abril de 2020 DESTAQUE 2 Quer ajuda na<\/p>\n","protected":false},"author":3,"featured_media":0,"parent":0,"menu_order":0,"comment_status":"closed","ping_status":"closed","template":"","meta":{"footnotes":""},"class_list":["post-2239","page","type-page","status-publish","hentry"],"_links":{"self":[{"href":"https:\/\/www.vbdivulg.com\/index.php\/wp-json\/wp\/v2\/pages\/2239","targetHints":{"allow":["GET"]}}],"collection":[{"href":"https:\/\/www.vbdivulg.com\/index.php\/wp-json\/wp\/v2\/pages"}],"about":[{"href":"https:\/\/www.vbdivulg.com\/index.php\/wp-json\/wp\/v2\/types\/page"}],"author":[{"embeddable":true,"href":"https:\/\/www.vbdivulg.com\/index.php\/wp-json\/wp\/v2\/users\/3"}],"replies":[{"embeddable":true,"href":"https:\/\/www.vbdivulg.com\/index.php\/wp-json\/wp\/v2\/comments?post=2239"}],"version-history":[{"count":16,"href":"https:\/\/www.vbdivulg.com\/index.php\/wp-json\/wp\/v2\/pages\/2239\/revisions"}],"predecessor-version":[{"id":2285,"href":"https:\/\/www.vbdivulg.com\/index.php\/wp-json\/wp\/v2\/pages\/2239\/revisions\/2285"}],"wp:attachment":[{"href":"https:\/\/www.vbdivulg.com\/index.php\/wp-json\/wp\/v2\/media?parent=2239"}],"curies":[{"name":"wp","href":"https:\/\/api.w.org\/{rel}","templated":true}]}}