{"id":8193,"date":"2023-05-09T10:55:34","date_gmt":"2023-05-09T13:55:34","guid":{"rendered":"https:\/\/www.vbdivulg.com\/?post_type=product&#038;p=8193"},"modified":"2023-05-09T14:17:40","modified_gmt":"2023-05-09T17:17:40","slug":"apple-iphone-13-128-gb","status":"publish","type":"product","link":"https:\/\/www.vbdivulg.com\/index.php\/produto\/apple-iphone-13-128-gb\/","title":{"rendered":"Apple iPhone 13 (128 GB)"},"content":{"rendered":"","protected":false},"excerpt":{"rendered":"<p><strong>\ud83c\udf4e Vers\u00e3o 128GB\u2757\ufe0f<\/strong><\/p>\n<p><strong>Apple iPhone 13 (128 GB) &#8211; Cores branco, azul e preto<\/strong><\/p>\n<p><strong>\ud83d\udd25 Por: R$ 4.269,00 \u00e0 vista<\/strong><br \/>\n<strong>\ud83d\udd25 Por: R$ 4.743,33 em at\u00e9 10x<\/strong><\/p>\n<p><strong>\u26a0\ufe0fOferta v\u00e1lida para hoje, 09\/05\/2023, podendo encerrar a qualquer momento!!!<\/strong><\/p>\n<p><strong>\u2712\ufe0f Seja prime, primeiro m\u00eas \u00e9 gr\u00e1tis e pode cancelar quando quiser (inclusive no primeiro m\u00eas): <a href=\"https:\/\/amzn.to\/3xyV8G9\">https:\/\/amzn.to\/3xyV8G9<\/a><\/strong><\/p>\n","protected":false},"featured_media":8194,"comment_status":"open","ping_status":"closed","template":"","meta":[],"class_list":{"0":"post-8193","1":"product","2":"type-product","3":"status-publish","4":"has-post-thumbnail","6":"product_cat-smartphones","8":"first","9":"instock","10":"sale","11":"shipping-taxable","12":"product-type-external"},"_links":{"self":[{"href":"https:\/\/www.vbdivulg.com\/index.php\/wp-json\/wp\/v2\/product\/8193","targetHints":{"allow":["GET"]}}],"collection":[{"href":"https:\/\/www.vbdivulg.com\/index.php\/wp-json\/wp\/v2\/product"}],"about":[{"href":"https:\/\/www.vbdivulg.com\/index.php\/wp-json\/wp\/v2\/types\/product"}],"replies":[{"embeddable":true,"href":"https:\/\/www.vbdivulg.com\/index.php\/wp-json\/wp\/v2\/comments?post=8193"}],"wp:featuredmedia":[{"embeddable":true,"href":"https:\/\/www.vbdivulg.com\/index.php\/wp-json\/wp\/v2\/media\/8194"}],"wp:attachment":[{"href":"https:\/\/www.vbdivulg.com\/index.php\/wp-json\/wp\/v2\/media?parent=8193"}],"curies":[{"name":"wp","href":"https:\/\/api.w.org\/{rel}","templated":true}]}}