{"id":8195,"date":"2023-05-09T10:58:37","date_gmt":"2023-05-09T13:58:37","guid":{"rendered":"https:\/\/www.vbdivulg.com\/?post_type=product&#038;p=8195"},"modified":"2023-05-09T14:17:18","modified_gmt":"2023-05-09T17:17:18","slug":"monitor-dell-de-27-p2722h-preto","status":"publish","type":"product","link":"https:\/\/www.vbdivulg.com\/index.php\/produto\/monitor-dell-de-27-p2722h-preto\/","title":{"rendered":"Monitor Dell de 27&#8243; P2722H, Preto"},"content":{"rendered":"","protected":false},"excerpt":{"rendered":"<p><strong>27&#8243; Com ajuste de altura\u2757\ufe0f<\/strong><\/p>\n<p><strong>Monitor Dell de 27&#8243; P2722H, Preto<\/strong><\/p>\n<p><strong>\ud83d\udd25 Por: R$ 1.598,00 em at\u00e9 10x<\/strong><\/p>\n<p><strong>\ud83d\uddd3 Oferta v\u00e1lida para hoje, 09\/05\/2023, podendo encerrar a qualquer momento!!!<\/strong><\/p>\n<p><strong>\u2712\ufe0f Seja prime, primeiro m\u00eas \u00e9 gr\u00e1tis e pode cancelar quando quiser (inclusive no primeiro m\u00eas): <a href=\"https:\/\/amzn.to\/3xyV8G9\">https:\/\/amzn.to\/3xyV8G9<\/a><\/strong><\/p>\n","protected":false},"featured_media":8196,"comment_status":"open","ping_status":"closed","template":"","meta":[],"class_list":{"0":"post-8195","1":"product","2":"type-product","3":"status-publish","4":"has-post-thumbnail","6":"product_cat-informatica","8":"first","9":"instock","10":"sale","11":"shipping-taxable","12":"product-type-external"},"_links":{"self":[{"href":"https:\/\/www.vbdivulg.com\/index.php\/wp-json\/wp\/v2\/product\/8195","targetHints":{"allow":["GET"]}}],"collection":[{"href":"https:\/\/www.vbdivulg.com\/index.php\/wp-json\/wp\/v2\/product"}],"about":[{"href":"https:\/\/www.vbdivulg.com\/index.php\/wp-json\/wp\/v2\/types\/product"}],"replies":[{"embeddable":true,"href":"https:\/\/www.vbdivulg.com\/index.php\/wp-json\/wp\/v2\/comments?post=8195"}],"wp:featuredmedia":[{"embeddable":true,"href":"https:\/\/www.vbdivulg.com\/index.php\/wp-json\/wp\/v2\/media\/8196"}],"wp:attachment":[{"href":"https:\/\/www.vbdivulg.com\/index.php\/wp-json\/wp\/v2\/media?parent=8195"}],"curies":[{"name":"wp","href":"https:\/\/api.w.org\/{rel}","templated":true}]}}