{"id":8201,"date":"2023-05-09T11:15:08","date_gmt":"2023-05-09T14:15:08","guid":{"rendered":"https:\/\/www.vbdivulg.com\/?post_type=product&#038;p=8201"},"modified":"2023-05-09T14:16:36","modified_gmt":"2023-05-09T17:16:36","slug":"mini-bola-de-futebol-adidas-champions-league-23-final-istambul","status":"publish","type":"product","link":"https:\/\/www.vbdivulg.com\/index.php\/produto\/mini-bola-de-futebol-adidas-champions-league-23-final-istambul\/","title":{"rendered":"Mini Bola De Futebol Adidas Champions League 23 Final Istambul"},"content":{"rendered":"","protected":false},"excerpt":{"rendered":"<p><strong>A bola da Champions \ud83d\udd1d V\u00e1rias op\u00e7\u00f5es!<\/strong><\/p>\n<p><strong>Mini Bola De Futebol Adidas Champions League 23 Final Istambul<\/strong><\/p>\n<p><strong>\ud83d\udd25A partir de: R$ 94,99 \u00e0 vista<\/strong><\/p>\n<p><strong>\ud83d\uddd3 Oferta v\u00e1lida para hoje, 09\/05\/2023, podendo encerrar a qualquer momento!!!<\/strong><\/p>\n","protected":false},"featured_media":8202,"comment_status":"open","ping_status":"closed","template":"","meta":[],"class_list":{"0":"post-8201","1":"product","2":"type-product","3":"status-publish","4":"has-post-thumbnail","6":"product_cat-esporte","8":"first","9":"instock","10":"sale","11":"shipping-taxable","12":"product-type-external"},"_links":{"self":[{"href":"https:\/\/www.vbdivulg.com\/index.php\/wp-json\/wp\/v2\/product\/8201","targetHints":{"allow":["GET"]}}],"collection":[{"href":"https:\/\/www.vbdivulg.com\/index.php\/wp-json\/wp\/v2\/product"}],"about":[{"href":"https:\/\/www.vbdivulg.com\/index.php\/wp-json\/wp\/v2\/types\/product"}],"replies":[{"embeddable":true,"href":"https:\/\/www.vbdivulg.com\/index.php\/wp-json\/wp\/v2\/comments?post=8201"}],"wp:featuredmedia":[{"embeddable":true,"href":"https:\/\/www.vbdivulg.com\/index.php\/wp-json\/wp\/v2\/media\/8202"}],"wp:attachment":[{"href":"https:\/\/www.vbdivulg.com\/index.php\/wp-json\/wp\/v2\/media?parent=8201"}],"curies":[{"name":"wp","href":"https:\/\/api.w.org\/{rel}","templated":true}]}}