{"id":8204,"date":"2023-05-09T11:21:34","date_gmt":"2023-05-09T14:21:34","guid":{"rendered":"https:\/\/www.vbdivulg.com\/?post_type=product&#038;p=8204"},"modified":"2023-05-09T14:15:47","modified_gmt":"2023-05-09T17:15:47","slug":"aparelho-de-jantar-cha-20-pecas-biona-ceramica-redondo-donna","status":"publish","type":"product","link":"https:\/\/www.vbdivulg.com\/index.php\/produto\/aparelho-de-jantar-cha-20-pecas-biona-ceramica-redondo-donna\/","title":{"rendered":"Aparelho de Jantar Ch\u00e1 20 Pe\u00e7as Biona Cer\u00e2mica &#8211; Redondo Donna"},"content":{"rendered":"","protected":false},"excerpt":{"rendered":"<p><strong>\ud83c\udf7d 20 pe\u00e7as<\/strong><\/p>\n<p><strong>Aparelho de Jantar Ch\u00e1 20 Pe\u00e7as Biona Cer\u00e2mica &#8211; Redondo Donna<\/strong><\/p>\n<p><strong>\ud83d\udd25 Por: R$ 134,36 \u00e0 vista<\/strong><br \/>\n<strong>\ud83d\udd25 Por: R$ 137,10 em at\u00e9 3x<\/strong><\/p>\n<p><strong>\u26a0\ufe0fOferta v\u00e1lida para hoje, 09\/05\/2023, podendo encerrar a qualquer momento!!!<\/strong><\/p>\n<p><strong>\ud83d\ude9b *Retire na loja e N\u00c3O pague o frete (Consulte disponibilidade para seu cep) op\u00e7\u00e3o na tela de pagamento!!!*<\/strong><\/p>\n","protected":false},"featured_media":8205,"comment_status":"open","ping_status":"closed","template":"","meta":[],"class_list":{"0":"post-8204","1":"product","2":"type-product","3":"status-publish","4":"has-post-thumbnail","6":"product_cat-utilidades-domesticas","8":"first","9":"instock","10":"sale","11":"shipping-taxable","12":"product-type-external"},"_links":{"self":[{"href":"https:\/\/www.vbdivulg.com\/index.php\/wp-json\/wp\/v2\/product\/8204","targetHints":{"allow":["GET"]}}],"collection":[{"href":"https:\/\/www.vbdivulg.com\/index.php\/wp-json\/wp\/v2\/product"}],"about":[{"href":"https:\/\/www.vbdivulg.com\/index.php\/wp-json\/wp\/v2\/types\/product"}],"replies":[{"embeddable":true,"href":"https:\/\/www.vbdivulg.com\/index.php\/wp-json\/wp\/v2\/comments?post=8204"}],"wp:featuredmedia":[{"embeddable":true,"href":"https:\/\/www.vbdivulg.com\/index.php\/wp-json\/wp\/v2\/media\/8205"}],"wp:attachment":[{"href":"https:\/\/www.vbdivulg.com\/index.php\/wp-json\/wp\/v2\/media?parent=8204"}],"curies":[{"name":"wp","href":"https:\/\/api.w.org\/{rel}","templated":true}]}}