{"id":8218,"date":"2023-05-09T15:32:44","date_gmt":"2023-05-09T18:32:44","guid":{"rendered":"https:\/\/www.vbdivulg.com\/?post_type=product&#038;p=8218"},"modified":"2023-05-09T15:33:06","modified_gmt":"2023-05-09T18:33:06","slug":"mtx-jogo-de-chave-combinada-cromo-fosco-de-6-x-22-mm-12-pecas","status":"publish","type":"product","link":"https:\/\/www.vbdivulg.com\/index.php\/produto\/mtx-jogo-de-chave-combinada-cromo-fosco-de-6-x-22-mm-12-pecas\/","title":{"rendered":"Mtx Jogo De Chave Combinada Cromo Fosco De 6 X 22 Mm 12 Pe\u00e7as"},"content":{"rendered":"","protected":false},"excerpt":{"rendered":"<p><strong>Em a\u00e7o de alta qualidade\u203c\ufe0f 12 pe\u00e7as \ud83d\udee0<\/strong><\/p>\n<p><strong>Mtx Jogo De Chave Combinada Cromo Fosco De 6 X 22 Mm 12 Pe\u00e7as<\/strong><\/p>\n<p><strong>\ud83d\udd25 Por: R$ 65,85 \u00e0 vista<\/strong><\/p>\n<p><strong>\u26a0\ufe0fOferta v\u00e1lida para hoje, 09\/05\/2023, podendo encerrar a qualquer momento!!!<\/strong><\/p>\n<p><strong>\u2712\ufe0f Seja prime, primeiro m\u00eas \u00e9 gr\u00e1tis e pode cancelar quando quiser (inclusive no primeiro m\u00eas):<a href=\"https:\/\/amzn.to\/3xyV8G9\"> https:\/\/amzn.to\/3xyV8G9<\/a><\/strong><\/p>\n","protected":false},"featured_media":8219,"comment_status":"open","ping_status":"closed","template":"","meta":[],"class_list":{"0":"post-8218","1":"product","2":"type-product","3":"status-publish","4":"has-post-thumbnail","6":"product_cat-casa-e-construcao","8":"first","9":"instock","10":"sale","11":"shipping-taxable","12":"product-type-external"},"_links":{"self":[{"href":"https:\/\/www.vbdivulg.com\/index.php\/wp-json\/wp\/v2\/product\/8218","targetHints":{"allow":["GET"]}}],"collection":[{"href":"https:\/\/www.vbdivulg.com\/index.php\/wp-json\/wp\/v2\/product"}],"about":[{"href":"https:\/\/www.vbdivulg.com\/index.php\/wp-json\/wp\/v2\/types\/product"}],"replies":[{"embeddable":true,"href":"https:\/\/www.vbdivulg.com\/index.php\/wp-json\/wp\/v2\/comments?post=8218"}],"wp:featuredmedia":[{"embeddable":true,"href":"https:\/\/www.vbdivulg.com\/index.php\/wp-json\/wp\/v2\/media\/8219"}],"wp:attachment":[{"href":"https:\/\/www.vbdivulg.com\/index.php\/wp-json\/wp\/v2\/media?parent=8218"}],"curies":[{"name":"wp","href":"https:\/\/api.w.org\/{rel}","templated":true}]}}