{"id":8228,"date":"2023-05-09T19:15:14","date_gmt":"2023-05-09T22:15:14","guid":{"rendered":"https:\/\/www.vbdivulg.com\/?post_type=product&#038;p=8228"},"modified":"2023-05-09T19:15:14","modified_gmt":"2023-05-09T22:15:14","slug":"achocolatado-em-po-chocollato-sache-700g-3-coracoes","status":"publish","type":"product","link":"https:\/\/www.vbdivulg.com\/index.php\/produto\/achocolatado-em-po-chocollato-sache-700g-3-coracoes\/","title":{"rendered":"Achocolatado em p\u00f3, Chocollato, Sach\u00ea, 700g, 3 Cora\u00e7\u00f5es"},"content":{"rendered":"","protected":false},"excerpt":{"rendered":"<p><strong>Achocolatado em p\u00f3, Chocollato, Sach\u00ea, 700g, 3 Cora\u00e7\u00f5es<\/strong><\/p>\n<p><strong>\ud83d\udd25 Por: R$ 14,78 \u00e0 vista<\/strong><br \/>\n<strong>\ud83d\udd25 Por: R$ 13,30 Comprando na op\u00e7\u00e3o recorr\u00eancia<\/strong><\/p>\n<p><strong>\u26a0\ufe0f Oferta v\u00e1lida para hoje, 09\/05\/2023, podendo encerrar a qualquer momento!!!<\/strong><\/p>\n<p><strong>\u2712\ufe0f Seja prime, primeiro m\u00eas \u00e9 gr\u00e1tis e pode cancelar quando quiser (inclusive no primeiro m\u00eas):<a href=\"https:\/\/amzn.to\/3xyV8G9\"> https:\/\/amzn.to\/3xyV8G9<\/a><\/strong><\/p>\n","protected":false},"featured_media":8229,"comment_status":"open","ping_status":"closed","template":"","meta":[],"class_list":{"0":"post-8228","1":"product","2":"type-product","3":"status-publish","4":"has-post-thumbnail","6":"product_cat-mercado","8":"first","9":"instock","10":"sale","11":"shipping-taxable","12":"product-type-external"},"_links":{"self":[{"href":"https:\/\/www.vbdivulg.com\/index.php\/wp-json\/wp\/v2\/product\/8228","targetHints":{"allow":["GET"]}}],"collection":[{"href":"https:\/\/www.vbdivulg.com\/index.php\/wp-json\/wp\/v2\/product"}],"about":[{"href":"https:\/\/www.vbdivulg.com\/index.php\/wp-json\/wp\/v2\/types\/product"}],"replies":[{"embeddable":true,"href":"https:\/\/www.vbdivulg.com\/index.php\/wp-json\/wp\/v2\/comments?post=8228"}],"wp:featuredmedia":[{"embeddable":true,"href":"https:\/\/www.vbdivulg.com\/index.php\/wp-json\/wp\/v2\/media\/8229"}],"wp:attachment":[{"href":"https:\/\/www.vbdivulg.com\/index.php\/wp-json\/wp\/v2\/media?parent=8228"}],"curies":[{"name":"wp","href":"https:\/\/api.w.org\/{rel}","templated":true}]}}