{"id":8230,"date":"2023-05-10T08:46:00","date_gmt":"2023-05-10T11:46:00","guid":{"rendered":"https:\/\/www.vbdivulg.com\/?post_type=product&#038;p=8230"},"modified":"2023-05-10T08:46:00","modified_gmt":"2023-05-10T11:46:00","slug":"camiseta-paris-reserva-masculino","status":"publish","type":"product","link":"https:\/\/www.vbdivulg.com\/index.php\/produto\/camiseta-paris-reserva-masculino\/","title":{"rendered":"Camiseta Paris, Reserva, Masculino"},"content":{"rendered":"","protected":false},"excerpt":{"rendered":"<p><strong>Bom pre\u00e7o! Da Reserva, aproveita o frete prime \ud83d\ude09<\/strong><\/p>\n<p><strong>Camiseta Paris, Reserva, Masculino<\/strong><\/p>\n<p><strong>\ud83d\udd25R$ 66,90 \u00e0 vista<\/strong><\/p>\n<p><strong>\u26a0\ufe0fOferta v\u00e1lida para hoje, 10\/05\/2023, podendo encerrar a qualquer momento!!!<\/strong><\/p>\n<p><strong>\u2712\ufe0f Seja prime, primeiro m\u00eas \u00e9 gr\u00e1tis e pode cancelar quando quiser (inclusive no primeiro m\u00eas): <a href=\"https:\/\/amzn.to\/3xyV8G9\">https:\/\/amzn.to\/3xyV8G9<\/a><\/strong><\/p>\n","protected":false},"featured_media":8231,"comment_status":"open","ping_status":"closed","template":"","meta":[],"class_list":{"0":"post-8230","1":"product","2":"type-product","3":"status-publish","4":"has-post-thumbnail","6":"product_cat-moda-e-acessorios-masc","8":"first","9":"instock","10":"sale","11":"shipping-taxable","12":"product-type-external"},"_links":{"self":[{"href":"https:\/\/www.vbdivulg.com\/index.php\/wp-json\/wp\/v2\/product\/8230","targetHints":{"allow":["GET"]}}],"collection":[{"href":"https:\/\/www.vbdivulg.com\/index.php\/wp-json\/wp\/v2\/product"}],"about":[{"href":"https:\/\/www.vbdivulg.com\/index.php\/wp-json\/wp\/v2\/types\/product"}],"replies":[{"embeddable":true,"href":"https:\/\/www.vbdivulg.com\/index.php\/wp-json\/wp\/v2\/comments?post=8230"}],"wp:featuredmedia":[{"embeddable":true,"href":"https:\/\/www.vbdivulg.com\/index.php\/wp-json\/wp\/v2\/media\/8231"}],"wp:attachment":[{"href":"https:\/\/www.vbdivulg.com\/index.php\/wp-json\/wp\/v2\/media?parent=8230"}],"curies":[{"name":"wp","href":"https:\/\/api.w.org\/{rel}","templated":true}]}}