{"id":8232,"date":"2023-05-10T08:48:09","date_gmt":"2023-05-10T11:48:09","guid":{"rendered":"https:\/\/www.vbdivulg.com\/?post_type=product&#038;p=8232"},"modified":"2023-05-23T11:24:40","modified_gmt":"2023-05-23T14:24:40","slug":"pilha-comum-aa-c-4-um-3shs","status":"publish","type":"product","link":"https:\/\/www.vbdivulg.com\/index.php\/produto\/pilha-comum-aa-c-4-um-3shs\/","title":{"rendered":"PILHA COMUM AA C\/4 UM-3SHS"},"content":{"rendered":"","protected":false},"excerpt":{"rendered":"<p>\ud83d\ude09 <strong>4 pilhas AA<\/strong><\/p>\n<p><strong>PILHA COMUM AA C\/4 UM-3SHS<\/strong><\/p>\n<p><strong>\ud83d\udd25 Por: R$ 4,84 \u00e0 vista<\/strong><\/p>\n<p><strong>\u26a0\ufe0f Oferta v\u00e1lida para hoje, 10\/05\/2023, podendo encerrar a qualquer momento!!!<\/strong><\/p>\n<p><strong>\u2712\ufe0f Seja prime, primeiro m\u00eas \u00e9 gr\u00e1tis e pode cancelar quando quiser (inclusive no primeiro m\u00eas): <a href=\"https:\/\/amzn.to\/3xyV8G9\">https:\/\/amzn.to\/3xyV8G9<\/a><\/strong><\/p>\n","protected":false},"featured_media":8233,"comment_status":"open","ping_status":"closed","template":"","meta":[],"class_list":{"0":"post-8232","1":"product","2":"type-product","3":"status-publish","4":"has-post-thumbnail","6":"product_cat-eletronicas-e-tecnologia","8":"first","9":"instock","10":"sale","11":"shipping-taxable","12":"product-type-external"},"_links":{"self":[{"href":"https:\/\/www.vbdivulg.com\/index.php\/wp-json\/wp\/v2\/product\/8232","targetHints":{"allow":["GET"]}}],"collection":[{"href":"https:\/\/www.vbdivulg.com\/index.php\/wp-json\/wp\/v2\/product"}],"about":[{"href":"https:\/\/www.vbdivulg.com\/index.php\/wp-json\/wp\/v2\/types\/product"}],"replies":[{"embeddable":true,"href":"https:\/\/www.vbdivulg.com\/index.php\/wp-json\/wp\/v2\/comments?post=8232"}],"wp:featuredmedia":[{"embeddable":true,"href":"https:\/\/www.vbdivulg.com\/index.php\/wp-json\/wp\/v2\/media\/8233"}],"wp:attachment":[{"href":"https:\/\/www.vbdivulg.com\/index.php\/wp-json\/wp\/v2\/media?parent=8232"}],"curies":[{"name":"wp","href":"https:\/\/api.w.org\/{rel}","templated":true}]}}