{"id":8234,"date":"2023-05-10T08:50:26","date_gmt":"2023-05-10T11:50:26","guid":{"rendered":"https:\/\/www.vbdivulg.com\/?post_type=product&#038;p=8234"},"modified":"2023-05-10T08:50:26","modified_gmt":"2023-05-10T11:50:26","slug":"kit-relogio-champion-feminino-analogico-dourado-cn26859w-pulseira-berloques","status":"publish","type":"product","link":"https:\/\/www.vbdivulg.com\/index.php\/produto\/kit-relogio-champion-feminino-analogico-dourado-cn26859w-pulseira-berloques\/","title":{"rendered":"Kit Rel\u00f3gio Champion Feminino Anal\u00f3gico Dourado CN26859W + Pulseira Berloques"},"content":{"rendered":"","protected":false},"excerpt":{"rendered":"<p>\u231a\ufe0f<strong> Rel\u00f3gio Champion + acess\u00f3rios<\/strong><\/p>\n<p><strong>Kit Rel\u00f3gio Champion Feminino Anal\u00f3gico Dourado CN26859W + Pulseira Berloques<\/strong><\/p>\n<p><strong>\ud83d\udd25 Por: R$ 189,00 em at\u00e9 3x<\/strong><\/p>\n<p><strong>\u26a0\ufe0f Oferta v\u00e1lida para hoje, 10\/05\/2023, podendo encerrar a qualquer momento!!!<\/strong><\/p>\n<p><strong>\u2712\ufe0f Seja prime, primeiro m\u00eas \u00e9 gr\u00e1tis e pode cancelar quando quiser (inclusive no primeiro m\u00eas): <a href=\"https:\/\/amzn.to\/3xyV8G9\">https:\/\/amzn.to\/3xyV8G9<\/a><\/strong><\/p>\n","protected":false},"featured_media":8235,"comment_status":"open","ping_status":"closed","template":"","meta":[],"class_list":{"0":"post-8234","1":"product","2":"type-product","3":"status-publish","4":"has-post-thumbnail","6":"product_cat-joias","8":"first","9":"instock","10":"sale","11":"shipping-taxable","12":"product-type-external"},"_links":{"self":[{"href":"https:\/\/www.vbdivulg.com\/index.php\/wp-json\/wp\/v2\/product\/8234","targetHints":{"allow":["GET"]}}],"collection":[{"href":"https:\/\/www.vbdivulg.com\/index.php\/wp-json\/wp\/v2\/product"}],"about":[{"href":"https:\/\/www.vbdivulg.com\/index.php\/wp-json\/wp\/v2\/types\/product"}],"replies":[{"embeddable":true,"href":"https:\/\/www.vbdivulg.com\/index.php\/wp-json\/wp\/v2\/comments?post=8234"}],"wp:featuredmedia":[{"embeddable":true,"href":"https:\/\/www.vbdivulg.com\/index.php\/wp-json\/wp\/v2\/media\/8235"}],"wp:attachment":[{"href":"https:\/\/www.vbdivulg.com\/index.php\/wp-json\/wp\/v2\/media?parent=8234"}],"curies":[{"name":"wp","href":"https:\/\/api.w.org\/{rel}","templated":true}]}}