{"id":8236,"date":"2023-05-10T08:52:42","date_gmt":"2023-05-10T11:52:42","guid":{"rendered":"https:\/\/www.vbdivulg.com\/?post_type=product&#038;p=8236"},"modified":"2023-05-10T08:53:28","modified_gmt":"2023-05-10T11:53:28","slug":"mixer-3-em-1-gourmet-127v-350w-preto-multilaser-fp05","status":"publish","type":"product","link":"https:\/\/www.vbdivulg.com\/index.php\/produto\/mixer-3-em-1-gourmet-127v-350w-preto-multilaser-fp05\/","title":{"rendered":"Mixer 3 em 1 Gourmet 127V 350W Preto Multilaser &#8211; FP05"},"content":{"rendered":"","protected":false},"excerpt":{"rendered":"<p><strong>Completinho \ud83d\ude09<\/strong><\/p>\n<p><strong>Mixer 3 em 1 Gourmet 127V 350W Preto Multilaser &#8211; FP05<\/strong><\/p>\n<p><strong>\ud83d\udd25 Por: R$ 163,00 em at\u00e9 3x<\/strong><\/p>\n<p><strong>\u26a0\ufe0f Oferta v\u00e1lida para hoje, 10\/05\/2023, podendo encerrar a qualquer momento!!!<\/strong><\/p>\n<p><strong>\u2712\ufe0f Seja prime, primeiro m\u00eas \u00e9 gr\u00e1tis e pode cancelar quando quiser (inclusive no primeiro m\u00eas): <a href=\"https:\/\/amzn.to\/3xyV8G9\">https:\/\/amzn.to\/3xyV8G9<\/a><\/strong><\/p>\n","protected":false},"featured_media":8237,"comment_status":"open","ping_status":"closed","template":"","meta":[],"class_list":{"0":"post-8236","1":"product","2":"type-product","3":"status-publish","4":"has-post-thumbnail","6":"product_cat-eletroportateis","8":"first","9":"instock","10":"sale","11":"shipping-taxable","12":"product-type-external"},"_links":{"self":[{"href":"https:\/\/www.vbdivulg.com\/index.php\/wp-json\/wp\/v2\/product\/8236","targetHints":{"allow":["GET"]}}],"collection":[{"href":"https:\/\/www.vbdivulg.com\/index.php\/wp-json\/wp\/v2\/product"}],"about":[{"href":"https:\/\/www.vbdivulg.com\/index.php\/wp-json\/wp\/v2\/types\/product"}],"replies":[{"embeddable":true,"href":"https:\/\/www.vbdivulg.com\/index.php\/wp-json\/wp\/v2\/comments?post=8236"}],"wp:featuredmedia":[{"embeddable":true,"href":"https:\/\/www.vbdivulg.com\/index.php\/wp-json\/wp\/v2\/media\/8237"}],"wp:attachment":[{"href":"https:\/\/www.vbdivulg.com\/index.php\/wp-json\/wp\/v2\/media?parent=8236"}],"curies":[{"name":"wp","href":"https:\/\/api.w.org\/{rel}","templated":true}]}}