{"id":8240,"date":"2023-05-10T09:13:30","date_gmt":"2023-05-10T12:13:30","guid":{"rendered":"https:\/\/www.vbdivulg.com\/?post_type=product&#038;p=8240"},"modified":"2023-05-10T09:13:30","modified_gmt":"2023-05-10T12:13:30","slug":"gin-tanqueray-london-dry-750ml","status":"publish","type":"product","link":"https:\/\/www.vbdivulg.com\/index.php\/produto\/gin-tanqueray-london-dry-750ml\/","title":{"rendered":"Gin Tanqueray London Dry, 750ml"},"content":{"rendered":"","protected":false},"excerpt":{"rendered":"<p><strong>BAIXOU\u203c\ufe0f<\/strong><\/p>\n<p><strong>Gin Tanqueray London Dry, 750ml<\/strong><\/p>\n<p><strong>\ud83d\udd25 Por: R$ 88,10 \u00e0 vista<\/strong><\/p>\n<p><strong>\u26a0\ufe0f Oferta v\u00e1lida para hoje, 10\/05\/2023, podendo encerrar a qualquer momento!!!<\/strong><\/p>\n<p><strong>\u2712\ufe0f Seja prime, primeiro m\u00eas \u00e9 gr\u00e1tis e pode cancelar quando quiser (inclusive no primeiro m\u00eas): <a href=\"https:\/\/amzn.to\/3xyV8G9\">https:\/\/amzn.to\/3xyV8G9<\/a><\/strong><\/p>\n","protected":false},"featured_media":8241,"comment_status":"open","ping_status":"closed","template":"","meta":[],"class_list":{"0":"post-8240","1":"product","2":"type-product","3":"status-publish","4":"has-post-thumbnail","6":"product_cat-bebidas-alcoolicas","8":"first","9":"instock","10":"sale","11":"shipping-taxable","12":"product-type-external"},"_links":{"self":[{"href":"https:\/\/www.vbdivulg.com\/index.php\/wp-json\/wp\/v2\/product\/8240","targetHints":{"allow":["GET"]}}],"collection":[{"href":"https:\/\/www.vbdivulg.com\/index.php\/wp-json\/wp\/v2\/product"}],"about":[{"href":"https:\/\/www.vbdivulg.com\/index.php\/wp-json\/wp\/v2\/types\/product"}],"replies":[{"embeddable":true,"href":"https:\/\/www.vbdivulg.com\/index.php\/wp-json\/wp\/v2\/comments?post=8240"}],"wp:featuredmedia":[{"embeddable":true,"href":"https:\/\/www.vbdivulg.com\/index.php\/wp-json\/wp\/v2\/media\/8241"}],"wp:attachment":[{"href":"https:\/\/www.vbdivulg.com\/index.php\/wp-json\/wp\/v2\/media?parent=8240"}],"curies":[{"name":"wp","href":"https:\/\/api.w.org\/{rel}","templated":true}]}}