{"id":8244,"date":"2023-05-10T12:32:18","date_gmt":"2023-05-10T15:32:18","guid":{"rendered":"https:\/\/www.vbdivulg.com\/?post_type=product&#038;p=8244"},"modified":"2023-05-10T12:36:38","modified_gmt":"2023-05-10T15:36:38","slug":"selecao-de-produtos-na-amazon-leve-4-pague-3","status":"publish","type":"product","link":"https:\/\/www.vbdivulg.com\/index.php\/produto\/selecao-de-produtos-na-amazon-leve-4-pague-3\/","title":{"rendered":"Sele\u00e7\u00e3o de Produtos de Limpeza Leve 4 pague 3"},"content":{"rendered":"","protected":false},"excerpt":{"rendered":"<p><strong>V\u00e1rios produtos de limpeza \ud83d\ude09 O desconto aparece na tela de finaliza\u00e7\u00e3o<\/strong><\/p>\n<p><strong>Sele\u00e7\u00e3o de Produtos na Amazon Leve 4 pague 3<\/strong><\/p>\n<p><strong>\ud83d\udd25A partir de: R$ 3,81<\/strong><\/p>\n<p><strong>\ud83d\udca1 Dica: Assine o Programe e Poupe na Amazon e ganhe descontos em compras recorrentes na Amazon (pode cancelar quando quiser): <a href=\"https:\/\/amzn.to\/3poyuS9\">https:\/\/amzn.to\/3poyuS9<\/a><\/strong><\/p>\n<p><strong>\u26a0\ufe0f Oferta v\u00e1lida para hoje, 10\/05\/2023, podendo encerrar a qualquer momento!!!<\/strong><\/p>\n<p><strong>\u2712\ufe0f Seja prime, primeiro m\u00eas \u00e9 gr\u00e1tis e pode cancelar quando quiser (inclusive no primeiro m\u00eas): <a href=\"https:\/\/amzn.to\/3xyV8G9\">https:\/\/amzn.to\/3xyV8G9<\/a><\/strong><\/p>\n","protected":false},"featured_media":8245,"comment_status":"open","ping_status":"closed","template":"","meta":[],"class_list":{"0":"post-8244","1":"product","2":"type-product","3":"status-publish","4":"has-post-thumbnail","6":"product_cat-material-de-limpeza","8":"first","9":"instock","10":"sale","11":"shipping-taxable","12":"product-type-external"},"_links":{"self":[{"href":"https:\/\/www.vbdivulg.com\/index.php\/wp-json\/wp\/v2\/product\/8244","targetHints":{"allow":["GET"]}}],"collection":[{"href":"https:\/\/www.vbdivulg.com\/index.php\/wp-json\/wp\/v2\/product"}],"about":[{"href":"https:\/\/www.vbdivulg.com\/index.php\/wp-json\/wp\/v2\/types\/product"}],"replies":[{"embeddable":true,"href":"https:\/\/www.vbdivulg.com\/index.php\/wp-json\/wp\/v2\/comments?post=8244"}],"wp:featuredmedia":[{"embeddable":true,"href":"https:\/\/www.vbdivulg.com\/index.php\/wp-json\/wp\/v2\/media\/8245"}],"wp:attachment":[{"href":"https:\/\/www.vbdivulg.com\/index.php\/wp-json\/wp\/v2\/media?parent=8244"}],"curies":[{"name":"wp","href":"https:\/\/api.w.org\/{rel}","templated":true}]}}