{"id":8254,"date":"2023-05-10T18:29:10","date_gmt":"2023-05-10T21:29:10","guid":{"rendered":"https:\/\/www.vbdivulg.com\/?post_type=product&#038;p=8254"},"modified":"2023-05-10T18:29:11","modified_gmt":"2023-05-10T21:29:11","slug":"galaxy-watch5-bt-40mm","status":"publish","type":"product","link":"https:\/\/www.vbdivulg.com\/index.php\/produto\/galaxy-watch5-bt-40mm\/","title":{"rendered":"Galaxy Watch5 BT 40mm"},"content":{"rendered":"","protected":false},"excerpt":{"rendered":"<p><strong>VOLTOU, agora super parcelado \ud83d\udcb3<\/strong><\/p>\n<p><strong>Galaxy Watch5 BT 40mm<\/strong><\/p>\n<p><strong>\ud83d\udd25 R$ 1.179.00 em at\u00e9 10x<\/strong><\/p>\n<p><strong>\ud83d\uded2 Compre aqui: https:\/\/amzn.to\/42qtICq<\/strong><\/p>\n<p><strong>\u26a0\ufe0fOferta v\u00e1lida para hoje, 10\/05\/2023, podendo encerrar a qualquer momento!!!<\/strong><\/p>\n<p><strong>\u2712\ufe0f Seja prime, primeiro m\u00eas \u00e9 gr\u00e1tis e pode cancelar quando quiser (inclusive no primeiro m\u00eas): <a href=\"https:\/\/amzn.to\/3xyV8G9\">https:\/\/amzn.to\/3xyV8G9<\/a><\/strong><\/p>\n","protected":false},"featured_media":8255,"comment_status":"open","ping_status":"closed","template":"","meta":[],"class_list":{"0":"post-8254","1":"product","2":"type-product","3":"status-publish","4":"has-post-thumbnail","6":"product_cat-smartwatches","8":"first","9":"instock","10":"sale","11":"shipping-taxable","12":"product-type-external"},"_links":{"self":[{"href":"https:\/\/www.vbdivulg.com\/index.php\/wp-json\/wp\/v2\/product\/8254","targetHints":{"allow":["GET"]}}],"collection":[{"href":"https:\/\/www.vbdivulg.com\/index.php\/wp-json\/wp\/v2\/product"}],"about":[{"href":"https:\/\/www.vbdivulg.com\/index.php\/wp-json\/wp\/v2\/types\/product"}],"replies":[{"embeddable":true,"href":"https:\/\/www.vbdivulg.com\/index.php\/wp-json\/wp\/v2\/comments?post=8254"}],"wp:featuredmedia":[{"embeddable":true,"href":"https:\/\/www.vbdivulg.com\/index.php\/wp-json\/wp\/v2\/media\/8255"}],"wp:attachment":[{"href":"https:\/\/www.vbdivulg.com\/index.php\/wp-json\/wp\/v2\/media?parent=8254"}],"curies":[{"name":"wp","href":"https:\/\/api.w.org\/{rel}","templated":true}]}}