{"id":8256,"date":"2023-05-11T09:19:55","date_gmt":"2023-05-11T12:19:55","guid":{"rendered":"https:\/\/www.vbdivulg.com\/?post_type=product&#038;p=8256"},"modified":"2023-05-11T09:19:55","modified_gmt":"2023-05-11T12:19:55","slug":"la-nuit-tresor-lancome-perfume-feminino-eau-de-parfum","status":"publish","type":"product","link":"https:\/\/www.vbdivulg.com\/index.php\/produto\/la-nuit-tresor-lancome-perfume-feminino-eau-de-parfum\/","title":{"rendered":"La Nuit Tr\u00e9sor Lanc\u00f4me &#8211; Perfume Feminino &#8211; Eau de Parfum"},"content":{"rendered":"","protected":false},"excerpt":{"rendered":"<p><strong>Esse perfume \u00e9 espetacular \ud83d\ude09 Vers\u00e3o de 50ML<\/strong><\/p>\n<p><strong>La Nuit Tr\u00e9sor Lanc\u00f4me &#8211; Perfume Feminino &#8211; Eau de Parfum<\/strong><\/p>\n<p><strong>\ud83d\udd25R$ 328,90 em at\u00e9 6x<\/strong><\/p>\n<p><strong>\u26a0\ufe0fOferta v\u00e1lida para hoje, 11\/05\/2023, podendo encerrar a qualquer momento!!!<\/strong><\/p>\n<p><strong>\u2712\ufe0f Seja prime, primeiro m\u00eas \u00e9 gr\u00e1tis e pode cancelar quando quiser (inclusive no primeiro m\u00eas): <a href=\"https:\/\/amzn.to\/3xyV8G9\">https:\/\/amzn.to\/3xyV8G9<\/a><\/strong><\/p>\n","protected":false},"featured_media":8257,"comment_status":"open","ping_status":"closed","template":"","meta":[],"class_list":{"0":"post-8256","1":"product","2":"type-product","3":"status-publish","4":"has-post-thumbnail","6":"product_cat-perfumaria-2","8":"first","9":"instock","10":"sale","11":"shipping-taxable","12":"product-type-external"},"_links":{"self":[{"href":"https:\/\/www.vbdivulg.com\/index.php\/wp-json\/wp\/v2\/product\/8256","targetHints":{"allow":["GET"]}}],"collection":[{"href":"https:\/\/www.vbdivulg.com\/index.php\/wp-json\/wp\/v2\/product"}],"about":[{"href":"https:\/\/www.vbdivulg.com\/index.php\/wp-json\/wp\/v2\/types\/product"}],"replies":[{"embeddable":true,"href":"https:\/\/www.vbdivulg.com\/index.php\/wp-json\/wp\/v2\/comments?post=8256"}],"wp:featuredmedia":[{"embeddable":true,"href":"https:\/\/www.vbdivulg.com\/index.php\/wp-json\/wp\/v2\/media\/8257"}],"wp:attachment":[{"href":"https:\/\/www.vbdivulg.com\/index.php\/wp-json\/wp\/v2\/media?parent=8256"}],"curies":[{"name":"wp","href":"https:\/\/api.w.org\/{rel}","templated":true}]}}