{"id":8265,"date":"2023-05-11T10:49:15","date_gmt":"2023-05-11T13:49:15","guid":{"rendered":"https:\/\/www.vbdivulg.com\/?post_type=product&#038;p=8265"},"modified":"2023-05-11T10:49:15","modified_gmt":"2023-05-11T13:49:15","slug":"conjunto-para-jardinagem-tramontina-metalico-com-cabo-de-madeira-4-pecas","status":"publish","type":"product","link":"https:\/\/www.vbdivulg.com\/index.php\/produto\/conjunto-para-jardinagem-tramontina-metalico-com-cabo-de-madeira-4-pecas\/","title":{"rendered":"Conjunto Para Jardinagem Tramontina Met\u00e1lico Com Cabo De Madeira 4 Pe\u00e7as"},"content":{"rendered":"","protected":false},"excerpt":{"rendered":"<p><strong>Conjunto Para Jardinagem Tramontina Met\u00e1lico Com Cabo De Madeira 4 Pe\u00e7as<\/strong><\/p>\n<p><strong>\ud83d\udd25 Por: R$ 24,90 \u00e0 vista<\/strong><\/p>\n<p><strong>\u26a0\ufe0fOferta v\u00e1lida para hoje, 11\/05\/2023, podendo encerrar a qualquer momento!!!<\/strong><\/p>\n<p><strong>\u2712\ufe0f Seja prime, primeiro m\u00eas \u00e9 gr\u00e1tis e pode cancelar quando quiser (inclusive no primeiro m\u00eas): <a href=\"https:\/\/amzn.to\/3xyV8G9\">https:\/\/amzn.to\/3xyV8G9<\/a><\/strong><\/p>\n","protected":false},"featured_media":8266,"comment_status":"open","ping_status":"closed","template":"","meta":[],"class_list":{"0":"post-8265","1":"product","2":"type-product","3":"status-publish","4":"has-post-thumbnail","6":"product_cat-jardim-e-piscina","8":"first","9":"instock","10":"sale","11":"shipping-taxable","12":"product-type-external"},"_links":{"self":[{"href":"https:\/\/www.vbdivulg.com\/index.php\/wp-json\/wp\/v2\/product\/8265","targetHints":{"allow":["GET"]}}],"collection":[{"href":"https:\/\/www.vbdivulg.com\/index.php\/wp-json\/wp\/v2\/product"}],"about":[{"href":"https:\/\/www.vbdivulg.com\/index.php\/wp-json\/wp\/v2\/types\/product"}],"replies":[{"embeddable":true,"href":"https:\/\/www.vbdivulg.com\/index.php\/wp-json\/wp\/v2\/comments?post=8265"}],"wp:featuredmedia":[{"embeddable":true,"href":"https:\/\/www.vbdivulg.com\/index.php\/wp-json\/wp\/v2\/media\/8266"}],"wp:attachment":[{"href":"https:\/\/www.vbdivulg.com\/index.php\/wp-json\/wp\/v2\/media?parent=8265"}],"curies":[{"name":"wp","href":"https:\/\/api.w.org\/{rel}","templated":true}]}}