{"id":8267,"date":"2023-05-11T10:51:04","date_gmt":"2023-05-11T13:51:04","guid":{"rendered":"https:\/\/www.vbdivulg.com\/?post_type=product&#038;p=8267"},"modified":"2023-05-11T10:51:04","modified_gmt":"2023-05-11T13:51:04","slug":"balanca-digital-pro-para-cozinha-pro-5-kg-prata-bal7825-euro-home","status":"publish","type":"product","link":"https:\/\/www.vbdivulg.com\/index.php\/produto\/balanca-digital-pro-para-cozinha-pro-5-kg-prata-bal7825-euro-home\/","title":{"rendered":"Balan\u00e7a digital Pr\u00f3 para Cozinha pr\u00f3 5 kg, Prata, BAL7825, Euro Home"},"content":{"rendered":"","protected":false},"excerpt":{"rendered":"<p><strong>Com Visor LCD\u2757\ufe0f<\/strong><\/p>\n<p><strong>Balan\u00e7a digital Pr\u00f3 para Cozinha pr\u00f3 5 kg, Prata, BAL7825, Euro Home<\/strong><\/p>\n<p><strong>\ud83d\udd25 Por: R$ 76,70 \u00e0 vista<\/strong><\/p>\n<p><strong>\u26a0\ufe0fOferta v\u00e1lida para hoje, 11\/05\/2023, podendo encerrar a qualquer momento!!!<\/strong><\/p>\n<p><strong>\u2712\ufe0f Seja prime, primeiro m\u00eas \u00e9 gr\u00e1tis e pode cancelar quando quiser (inclusive no primeiro m\u00eas): <a href=\"https:\/\/amzn.to\/3xyV8G9\">https:\/\/amzn.to\/3xyV8G9<\/a><\/strong><\/p>\n","protected":false},"featured_media":8268,"comment_status":"open","ping_status":"closed","template":"","meta":[],"class_list":{"0":"post-8267","1":"product","2":"type-product","3":"status-publish","4":"has-post-thumbnail","6":"product_cat-eletroportateis","8":"first","9":"instock","10":"sale","11":"shipping-taxable","12":"product-type-external"},"_links":{"self":[{"href":"https:\/\/www.vbdivulg.com\/index.php\/wp-json\/wp\/v2\/product\/8267","targetHints":{"allow":["GET"]}}],"collection":[{"href":"https:\/\/www.vbdivulg.com\/index.php\/wp-json\/wp\/v2\/product"}],"about":[{"href":"https:\/\/www.vbdivulg.com\/index.php\/wp-json\/wp\/v2\/types\/product"}],"replies":[{"embeddable":true,"href":"https:\/\/www.vbdivulg.com\/index.php\/wp-json\/wp\/v2\/comments?post=8267"}],"wp:featuredmedia":[{"embeddable":true,"href":"https:\/\/www.vbdivulg.com\/index.php\/wp-json\/wp\/v2\/media\/8268"}],"wp:attachment":[{"href":"https:\/\/www.vbdivulg.com\/index.php\/wp-json\/wp\/v2\/media?parent=8267"}],"curies":[{"name":"wp","href":"https:\/\/api.w.org\/{rel}","templated":true}]}}