{"id":8269,"date":"2023-05-11T10:53:40","date_gmt":"2023-05-11T13:53:40","guid":{"rendered":"https:\/\/www.vbdivulg.com\/?post_type=product&#038;p=8269"},"modified":"2023-06-20T11:10:04","modified_gmt":"2023-06-20T14:10:04","slug":"rede-de-dormir-solteiro-cinza-listrado-100-algodao","status":"publish","type":"product","link":"https:\/\/www.vbdivulg.com\/index.php\/produto\/rede-de-dormir-solteiro-cinza-listrado-100-algodao\/","title":{"rendered":"Rede de Dormir Solteiro Cinza Listrado 100% algod\u00e3o"},"content":{"rendered":"","protected":false},"excerpt":{"rendered":"<p><strong>Rede de Dormir Solteiro Cinza Listrado 100% algod\u00e3o<\/strong><\/p>\n<p><strong>\ud83d\udd25 Por: R$ 33,96 \u00e0 vista<\/strong><\/p>\n<p><strong>\u26a0\ufe0fOferta v\u00e1lida para hoje, 11\/05\/2023, podendo encerrar a qualquer momento!!!<\/strong><\/p>\n<p><strong>\u2712\ufe0f Seja prime, primeiro m\u00eas \u00e9 gr\u00e1tis e pode cancelar quando quiser (inclusive no primeiro m\u00eas): <a href=\"https:\/\/amzn.to\/3xyV8G9\">https:\/\/amzn.to\/3xyV8G9<\/a><\/strong><\/p>\n","protected":false},"featured_media":8270,"comment_status":"open","ping_status":"closed","template":"","meta":[],"class_list":{"0":"post-8269","1":"product","2":"type-product","3":"status-publish","4":"has-post-thumbnail","6":"product_cat-jardim-e-piscina","8":"first","9":"instock","10":"sale","11":"shipping-taxable","12":"product-type-external"},"_links":{"self":[{"href":"https:\/\/www.vbdivulg.com\/index.php\/wp-json\/wp\/v2\/product\/8269","targetHints":{"allow":["GET"]}}],"collection":[{"href":"https:\/\/www.vbdivulg.com\/index.php\/wp-json\/wp\/v2\/product"}],"about":[{"href":"https:\/\/www.vbdivulg.com\/index.php\/wp-json\/wp\/v2\/types\/product"}],"replies":[{"embeddable":true,"href":"https:\/\/www.vbdivulg.com\/index.php\/wp-json\/wp\/v2\/comments?post=8269"}],"wp:featuredmedia":[{"embeddable":true,"href":"https:\/\/www.vbdivulg.com\/index.php\/wp-json\/wp\/v2\/media\/8270"}],"wp:attachment":[{"href":"https:\/\/www.vbdivulg.com\/index.php\/wp-json\/wp\/v2\/media?parent=8269"}],"curies":[{"name":"wp","href":"https:\/\/api.w.org\/{rel}","templated":true}]}}