{"id":8274,"date":"2023-05-12T08:16:21","date_gmt":"2023-05-12T11:16:21","guid":{"rendered":"https:\/\/www.vbdivulg.com\/?post_type=product&#038;p=8274"},"modified":"2023-05-12T08:16:21","modified_gmt":"2023-05-12T11:16:21","slug":"caneca-termica-de-cerveja-stanley0709l","status":"publish","type":"product","link":"https:\/\/www.vbdivulg.com\/index.php\/produto\/caneca-termica-de-cerveja-stanley0709l\/","title":{"rendered":"Caneca t\u00e9rmica de cerveja Stanley|0,709L"},"content":{"rendered":"","protected":false},"excerpt":{"rendered":"<p><strong>BAIXOU\u2757\ufe0f<\/strong><\/p>\n<p><strong>Caneca t\u00e9rmica de cerveja Stanley|0,709L<\/strong><\/p>\n<p><strong>\ud83d\udd25 Por: R$ 137,98 parcelado<\/strong><\/p>\n<p><strong>\u26a0\ufe0f Oferta v\u00e1lida para hoje, 12\/05\/2023, podendo encerrar a qualquer momento!!!<\/strong><\/p>\n<p><strong>\u2712\ufe0f Seja prime, primeiro m\u00eas \u00e9 gr\u00e1tis e pode cancelar quando quiser (inclusive no primeiro m\u00eas): <a href=\"https:\/\/amzn.to\/3xyV8G9\">https:\/\/amzn.to\/3xyV8G9<\/a><\/strong><\/p>\n","protected":false},"featured_media":8275,"comment_status":"open","ping_status":"closed","template":"","meta":[],"class_list":{"0":"post-8274","1":"product","2":"type-product","3":"status-publish","4":"has-post-thumbnail","6":"product_cat-utilidades-domesticas","8":"first","9":"instock","10":"sale","11":"shipping-taxable","12":"product-type-external"},"_links":{"self":[{"href":"https:\/\/www.vbdivulg.com\/index.php\/wp-json\/wp\/v2\/product\/8274","targetHints":{"allow":["GET"]}}],"collection":[{"href":"https:\/\/www.vbdivulg.com\/index.php\/wp-json\/wp\/v2\/product"}],"about":[{"href":"https:\/\/www.vbdivulg.com\/index.php\/wp-json\/wp\/v2\/types\/product"}],"replies":[{"embeddable":true,"href":"https:\/\/www.vbdivulg.com\/index.php\/wp-json\/wp\/v2\/comments?post=8274"}],"wp:featuredmedia":[{"embeddable":true,"href":"https:\/\/www.vbdivulg.com\/index.php\/wp-json\/wp\/v2\/media\/8275"}],"wp:attachment":[{"href":"https:\/\/www.vbdivulg.com\/index.php\/wp-json\/wp\/v2\/media?parent=8274"}],"curies":[{"name":"wp","href":"https:\/\/api.w.org\/{rel}","templated":true}]}}