{"id":8294,"date":"2023-05-12T16:02:58","date_gmt":"2023-05-12T19:02:58","guid":{"rendered":"https:\/\/www.vbdivulg.com\/?post_type=product&#038;p=8294"},"modified":"2023-05-12T16:02:58","modified_gmt":"2023-05-12T19:02:58","slug":"amazon-kindle-11a-geracao-com-iluminacao-embutida-wi-fi-16gb-azul-b09swv1fss","status":"publish","type":"product","link":"https:\/\/www.vbdivulg.com\/index.php\/produto\/amazon-kindle-11a-geracao-com-iluminacao-embutida-wi-fi-16gb-azul-b09swv1fss\/","title":{"rendered":"Amazon Kindle 11\u00aa Gera\u00e7\u00e3o com Ilumina\u00e7\u00e3o Embutida, Wi-Fi, 16GB, Azul &#8211; B09SWV1FSS"},"content":{"rendered":"","protected":false},"excerpt":{"rendered":"<p>Kindle 11\u00aa Gera\u00e7\u00e3o\u2757\ufe0f<\/p>\n<p>Amazon Kindle 11\u00aa Gera\u00e7\u00e3o com Ilumina\u00e7\u00e3o Embutida, Wi-Fi, 16GB, Azul &#8211; B09SWV1FSS<\/p>\n<p>\ud83d\udd25 Por: R$ 396,02 via Pix (Com Fast PRIME)<br \/>\n\ud83d\udd25 Por: R$ 404,10 via Pix<\/p>\n<p>\ud83d\uded2Compre aqui: https:\/\/tidd.ly\/42Nisja<\/p>\n<p>\u26a0\ufe0f Oferta v\u00e1lida para hoje, 12\/05\/2023, podendo encerrar a qualquer momento!!!<\/p>\n","protected":false},"featured_media":8295,"comment_status":"open","ping_status":"closed","template":"","meta":[],"class_list":{"0":"post-8294","1":"product","2":"type-product","3":"status-publish","4":"has-post-thumbnail","6":"product_cat-eletronicas-e-tecnologia","8":"first","9":"instock","10":"sale","11":"shipping-taxable","12":"product-type-external"},"_links":{"self":[{"href":"https:\/\/www.vbdivulg.com\/index.php\/wp-json\/wp\/v2\/product\/8294","targetHints":{"allow":["GET"]}}],"collection":[{"href":"https:\/\/www.vbdivulg.com\/index.php\/wp-json\/wp\/v2\/product"}],"about":[{"href":"https:\/\/www.vbdivulg.com\/index.php\/wp-json\/wp\/v2\/types\/product"}],"replies":[{"embeddable":true,"href":"https:\/\/www.vbdivulg.com\/index.php\/wp-json\/wp\/v2\/comments?post=8294"}],"wp:featuredmedia":[{"embeddable":true,"href":"https:\/\/www.vbdivulg.com\/index.php\/wp-json\/wp\/v2\/media\/8295"}],"wp:attachment":[{"href":"https:\/\/www.vbdivulg.com\/index.php\/wp-json\/wp\/v2\/media?parent=8294"}],"curies":[{"name":"wp","href":"https:\/\/api.w.org\/{rel}","templated":true}]}}