{"id":8298,"date":"2023-05-12T16:07:19","date_gmt":"2023-05-12T19:07:19","guid":{"rendered":"https:\/\/www.vbdivulg.com\/?post_type=product&#038;p=8298"},"modified":"2023-05-12T16:07:19","modified_gmt":"2023-05-12T19:07:19","slug":"kit-paleta-de-sombras-to-go-nude-blush-sun-kissed-brilho-labial-sunset-3-produtos-oceane","status":"publish","type":"product","link":"https:\/\/www.vbdivulg.com\/index.php\/produto\/kit-paleta-de-sombras-to-go-nude-blush-sun-kissed-brilho-labial-sunset-3-produtos-oceane\/","title":{"rendered":"Kit Paleta de Sombras To Go Nude + Blush Sun Kissed + Brilho Labial Sunset (3 Produtos) &#8211; OC\u00c9ANE"},"content":{"rendered":"","protected":false},"excerpt":{"rendered":"<p><strong>PRE\u00c7\u00c3O! Kit completo OC\u00c9ANE \u2764\ufe0f<\/strong><\/p>\n<p><strong>Kit Paleta de Sombras To Go Nude + Blush Sun Kissed + Brilho Labial Sunset (3 Produtos) &#8211; OC\u00c9ANE<\/strong><\/p>\n<p><strong>\ud83d\udd25R$ 99,00 \u00e0 vista<\/strong><\/p>\n<p><strong>\u26a0\ufe0f Oferta v\u00e1lida para hoje, 12\/05\/2023, podendo encerrar a qualquer momento!!!<\/strong><\/p>\n","protected":false},"featured_media":8299,"comment_status":"open","ping_status":"closed","template":"","meta":[],"class_list":{"0":"post-8298","1":"product","2":"type-product","3":"status-publish","4":"has-post-thumbnail","6":"product_cat-beleza","8":"first","9":"instock","10":"sale","11":"shipping-taxable","12":"product-type-external"},"_links":{"self":[{"href":"https:\/\/www.vbdivulg.com\/index.php\/wp-json\/wp\/v2\/product\/8298","targetHints":{"allow":["GET"]}}],"collection":[{"href":"https:\/\/www.vbdivulg.com\/index.php\/wp-json\/wp\/v2\/product"}],"about":[{"href":"https:\/\/www.vbdivulg.com\/index.php\/wp-json\/wp\/v2\/types\/product"}],"replies":[{"embeddable":true,"href":"https:\/\/www.vbdivulg.com\/index.php\/wp-json\/wp\/v2\/comments?post=8298"}],"wp:featuredmedia":[{"embeddable":true,"href":"https:\/\/www.vbdivulg.com\/index.php\/wp-json\/wp\/v2\/media\/8299"}],"wp:attachment":[{"href":"https:\/\/www.vbdivulg.com\/index.php\/wp-json\/wp\/v2\/media?parent=8298"}],"curies":[{"name":"wp","href":"https:\/\/api.w.org\/{rel}","templated":true}]}}