{"id":8303,"date":"2023-05-15T08:13:12","date_gmt":"2023-05-15T11:13:12","guid":{"rendered":"https:\/\/www.vbdivulg.com\/?post_type=product&#038;p=8303"},"modified":"2023-05-15T08:13:12","modified_gmt":"2023-05-15T11:13:12","slug":"linha-aussie-varios-produtos","status":"publish","type":"product","link":"https:\/\/www.vbdivulg.com\/index.php\/produto\/linha-aussie-varios-produtos\/","title":{"rendered":"Linha Aussie, v\u00e1rios produtos"},"content":{"rendered":"","protected":false},"excerpt":{"rendered":"<p><strong>V\u00e1rios produtos dispon\u00edveis\u2757\ufe0f \ud83d\udce6 Frete Gr\u00e1tis Amazon Prime<\/strong><\/p>\n<p><strong>Linha Aussie, v\u00e1rios produtos<\/strong><\/p>\n<p><strong>\ud83d\udd25A partir de R$ 29,90 (R$ 26,91 com recorr\u00eancia)<\/strong><\/p>\n<p><strong>\ud83d\udca1 Dica: Assine o Programe e Poupe na Amazon e ganhe descontos em compras recorrentes na Amazon (pode cancelar quando quiser): <a href=\"https:\/\/amzn.to\/3poyuS9\">https:\/\/amzn.to\/3poyuS9<\/a><\/strong><\/p>\n<p><strong>\u26a0\ufe0f Oferta v\u00e1lida para hoje, 15\/05\/2023, podendo encerrar a qualquer momento!!!<\/strong><\/p>\n<p><strong>\u2712\ufe0f Seja prime, primeiro m\u00eas \u00e9 gr\u00e1tis e pode cancelar quando quiser (inclusive no primeiro m\u00eas): <a href=\"https:\/\/amzn.to\/3xyV8G9\">https:\/\/amzn.to\/3xyV8G9<\/a><\/strong><\/p>\n","protected":false},"featured_media":8304,"comment_status":"open","ping_status":"closed","template":"","meta":[],"class_list":{"0":"post-8303","1":"product","2":"type-product","3":"status-publish","4":"has-post-thumbnail","6":"product_cat-beleza","8":"first","9":"instock","10":"sale","11":"shipping-taxable","12":"product-type-external"},"_links":{"self":[{"href":"https:\/\/www.vbdivulg.com\/index.php\/wp-json\/wp\/v2\/product\/8303","targetHints":{"allow":["GET"]}}],"collection":[{"href":"https:\/\/www.vbdivulg.com\/index.php\/wp-json\/wp\/v2\/product"}],"about":[{"href":"https:\/\/www.vbdivulg.com\/index.php\/wp-json\/wp\/v2\/types\/product"}],"replies":[{"embeddable":true,"href":"https:\/\/www.vbdivulg.com\/index.php\/wp-json\/wp\/v2\/comments?post=8303"}],"wp:featuredmedia":[{"embeddable":true,"href":"https:\/\/www.vbdivulg.com\/index.php\/wp-json\/wp\/v2\/media\/8304"}],"wp:attachment":[{"href":"https:\/\/www.vbdivulg.com\/index.php\/wp-json\/wp\/v2\/media?parent=8303"}],"curies":[{"name":"wp","href":"https:\/\/api.w.org\/{rel}","templated":true}]}}