{"id":8307,"date":"2023-05-15T08:28:30","date_gmt":"2023-05-15T11:28:30","guid":{"rendered":"https:\/\/www.vbdivulg.com\/?post_type=product&#038;p=8307"},"modified":"2023-05-15T08:28:48","modified_gmt":"2023-05-15T11:28:48","slug":"in2u-her-calvin-klein-perfume-feminino-eau-de-toilette-100m","status":"publish","type":"product","link":"https:\/\/www.vbdivulg.com\/index.php\/produto\/in2u-her-calvin-klein-perfume-feminino-eau-de-toilette-100m\/","title":{"rendered":"In2U Her Calvin Klein Perfume Feminino &#8211; Eau de Toilette 100m"},"content":{"rendered":"","protected":false},"excerpt":{"rendered":"<p><strong>Calvin Klein 100ml\u2757\ufe0f<\/strong><\/p>\n<p><strong>In2U Her Calvin Klein Perfume Feminino &#8211; Eau de Toilette 100m<\/strong><\/p>\n<p><strong>\ud83d\udd25R$ 175,00 em 2x<\/strong><\/p>\n<p><strong>\ud83d\uddd3 Oferta v\u00e1lida para hoje, 15\/05\/2023, podendo encerrar a qualquer momento!!!<\/strong><\/p>\n<p><strong>\u26a0\ufe0fOfertas sujeitas a altera\u00e7\u00e3o de pre\u00e7o, condi\u00e7\u00f5es de pagamento e disponibilidade, sem aviso pr\u00e9vio.<\/strong><\/p>\n","protected":false},"featured_media":8308,"comment_status":"open","ping_status":"closed","template":"","meta":[],"class_list":{"0":"post-8307","1":"product","2":"type-product","3":"status-publish","4":"has-post-thumbnail","6":"product_cat-perfumaria-2","8":"first","9":"instock","10":"sale","11":"shipping-taxable","12":"product-type-external"},"_links":{"self":[{"href":"https:\/\/www.vbdivulg.com\/index.php\/wp-json\/wp\/v2\/product\/8307","targetHints":{"allow":["GET"]}}],"collection":[{"href":"https:\/\/www.vbdivulg.com\/index.php\/wp-json\/wp\/v2\/product"}],"about":[{"href":"https:\/\/www.vbdivulg.com\/index.php\/wp-json\/wp\/v2\/types\/product"}],"replies":[{"embeddable":true,"href":"https:\/\/www.vbdivulg.com\/index.php\/wp-json\/wp\/v2\/comments?post=8307"}],"wp:featuredmedia":[{"embeddable":true,"href":"https:\/\/www.vbdivulg.com\/index.php\/wp-json\/wp\/v2\/media\/8308"}],"wp:attachment":[{"href":"https:\/\/www.vbdivulg.com\/index.php\/wp-json\/wp\/v2\/media?parent=8307"}],"curies":[{"name":"wp","href":"https:\/\/api.w.org\/{rel}","templated":true}]}}