{"id":8325,"date":"2023-05-15T15:57:23","date_gmt":"2023-05-15T18:57:23","guid":{"rendered":"https:\/\/www.vbdivulg.com\/?post_type=product&#038;p=8325"},"modified":"2023-05-15T15:57:23","modified_gmt":"2023-05-15T18:57:23","slug":"forno-a-gas-de-embutir-consul-grill-autolimpante-com-timer-cooktop-4-bocas-acendimento-automatico","status":"publish","type":"product","link":"https:\/\/www.vbdivulg.com\/index.php\/produto\/forno-a-gas-de-embutir-consul-grill-autolimpante-com-timer-cooktop-4-bocas-acendimento-automatico\/","title":{"rendered":"Forno a G\u00e1s de Embutir Consul Grill Autolimpante &#8211; com Timer + Cooktop 4 Bocas Acendimento Autom\u00e1tico"},"content":{"rendered":"","protected":false},"excerpt":{"rendered":"<p><strong>\u00c9 o combo! S\u00f3 o forno est\u00e1 custando R$ 1.700 \ud83d\ude31<\/strong><\/p>\n<p><strong>Forno a G\u00e1s de Embutir Consul Grill Autolimpante &#8211; com Timer + Cooktop 4 Bocas Acendimento Autom\u00e1tico<\/strong><\/p>\n<p><strong>\ud83d\udd25R$ 1.799,99 em at\u00e9 10x<\/strong><\/p>\n<p><strong>\u26a0\ufe0f Oferta v\u00e1lida para hoje, 15\/05\/2023, podendo encerrar a qualquer momento!!!<\/strong><\/p>\n","protected":false},"featured_media":8326,"comment_status":"open","ping_status":"closed","template":"","meta":[],"class_list":{"0":"post-8325","1":"product","2":"type-product","3":"status-publish","4":"has-post-thumbnail","6":"product_cat-eletrodomesticos","8":"first","9":"instock","10":"sale","11":"shipping-taxable","12":"product-type-external"},"_links":{"self":[{"href":"https:\/\/www.vbdivulg.com\/index.php\/wp-json\/wp\/v2\/product\/8325","targetHints":{"allow":["GET"]}}],"collection":[{"href":"https:\/\/www.vbdivulg.com\/index.php\/wp-json\/wp\/v2\/product"}],"about":[{"href":"https:\/\/www.vbdivulg.com\/index.php\/wp-json\/wp\/v2\/types\/product"}],"replies":[{"embeddable":true,"href":"https:\/\/www.vbdivulg.com\/index.php\/wp-json\/wp\/v2\/comments?post=8325"}],"wp:featuredmedia":[{"embeddable":true,"href":"https:\/\/www.vbdivulg.com\/index.php\/wp-json\/wp\/v2\/media\/8326"}],"wp:attachment":[{"href":"https:\/\/www.vbdivulg.com\/index.php\/wp-json\/wp\/v2\/media?parent=8325"}],"curies":[{"name":"wp","href":"https:\/\/api.w.org\/{rel}","templated":true}]}}