{"id":8346,"date":"2023-05-15T18:05:14","date_gmt":"2023-05-15T21:05:14","guid":{"rendered":"https:\/\/www.vbdivulg.com\/?post_type=product&#038;p=8346"},"modified":"2023-05-15T18:07:08","modified_gmt":"2023-05-15T21:07:08","slug":"geladeira-refrigerador-frost-free-cor-inox-310l-electrolux-tf39s","status":"publish","type":"product","link":"https:\/\/www.vbdivulg.com\/index.php\/produto\/geladeira-refrigerador-frost-free-cor-inox-310l-electrolux-tf39s\/","title":{"rendered":"Geladeira\/Refrigerador Frost Free cor Inox 310L Electrolux (TF39S)"},"content":{"rendered":"","protected":false},"excerpt":{"rendered":"<p><strong>\ud83e\uddca 310 Litros\u2757\ufe0f<\/strong><\/p>\n<p><strong>Geladeira\/Refrigerador Frost Free cor Inox 310L Electrolux (TF39S)<\/strong><\/p>\n<p><strong>\ud83d\udd25 Por: R$ 2.421,55 em at\u00e9 9x<\/strong><\/p>\n<h2><strong>\ud83d\udd16 *Use o cupom:* DICA5<\/strong><\/h2>\n<p><strong>\ud83d\udc49 Cadastre-se para poder ter acesso!<\/strong><br \/>\n<strong>Use o c\u00f3digo QUEROSHOPCLUB para ter acesso ao site. \u00c9 um clube de compras operado pela pr\u00f3pria Electrolux<\/strong><\/p>\n<p><strong>\u26a0\ufe0f Oferta v\u00e1lida para hoje, 15\/05\/2023, podendo encerrar a qualquer momento!!!<\/strong><\/p>\n","protected":false},"featured_media":8347,"comment_status":"open","ping_status":"closed","template":"","meta":[],"class_list":{"0":"post-8346","1":"product","2":"type-product","3":"status-publish","4":"has-post-thumbnail","6":"product_cat-eletrodomesticos","8":"first","9":"instock","10":"sale","11":"shipping-taxable","12":"product-type-external"},"_links":{"self":[{"href":"https:\/\/www.vbdivulg.com\/index.php\/wp-json\/wp\/v2\/product\/8346","targetHints":{"allow":["GET"]}}],"collection":[{"href":"https:\/\/www.vbdivulg.com\/index.php\/wp-json\/wp\/v2\/product"}],"about":[{"href":"https:\/\/www.vbdivulg.com\/index.php\/wp-json\/wp\/v2\/types\/product"}],"replies":[{"embeddable":true,"href":"https:\/\/www.vbdivulg.com\/index.php\/wp-json\/wp\/v2\/comments?post=8346"}],"wp:featuredmedia":[{"embeddable":true,"href":"https:\/\/www.vbdivulg.com\/index.php\/wp-json\/wp\/v2\/media\/8347"}],"wp:attachment":[{"href":"https:\/\/www.vbdivulg.com\/index.php\/wp-json\/wp\/v2\/media?parent=8346"}],"curies":[{"name":"wp","href":"https:\/\/api.w.org\/{rel}","templated":true}]}}