{"id":8358,"date":"2023-05-16T13:51:31","date_gmt":"2023-05-16T16:51:31","guid":{"rendered":"https:\/\/www.vbdivulg.com\/?post_type=product&#038;p=8358"},"modified":"2023-05-16T13:51:31","modified_gmt":"2023-05-16T16:51:31","slug":"forno-eletrico-de-embutir-electrolux-de-conveccao-com-timer-50l-cooktop-4-bocas-a-gas-glp-preto","status":"publish","type":"product","link":"https:\/\/www.vbdivulg.com\/index.php\/produto\/forno-eletrico-de-embutir-electrolux-de-conveccao-com-timer-50l-cooktop-4-bocas-a-gas-glp-preto\/","title":{"rendered":"Forno El\u00e9trico de Embutir Electrolux de Convec\u00e7\u00e3o &#8211; com Timer 50L + Cooktop 4 Bocas a G\u00e1s GLP Preto"},"content":{"rendered":"","protected":false},"excerpt":{"rendered":"<p><strong>Olha esse kit\u2757\ufe0fForno Embutir + Cooktop 4 Bocas \ud83d\udd1d<\/strong><\/p>\n<p><strong>Forno El\u00e9trico de Embutir Electrolux de Convec\u00e7\u00e3o &#8211; com Timer 50L + Cooktop 4 Bocas a G\u00e1s GLP Preto<\/strong><\/p>\n<p><strong>\ud83d\udd25 Por: R$ 1.879,99 em 10x<\/strong><\/p>\n<p><strong>\u26a0\ufe0fOferta v\u00e1lida para hoje, 16\/05\/2023, podendo encerrar a qualquer momento!!!<\/strong><\/p>\n","protected":false},"featured_media":8359,"comment_status":"open","ping_status":"closed","template":"","meta":[],"class_list":{"0":"post-8358","1":"product","2":"type-product","3":"status-publish","4":"has-post-thumbnail","6":"product_cat-eletrodomesticos","8":"first","9":"instock","10":"sale","11":"shipping-taxable","12":"product-type-external"},"_links":{"self":[{"href":"https:\/\/www.vbdivulg.com\/index.php\/wp-json\/wp\/v2\/product\/8358","targetHints":{"allow":["GET"]}}],"collection":[{"href":"https:\/\/www.vbdivulg.com\/index.php\/wp-json\/wp\/v2\/product"}],"about":[{"href":"https:\/\/www.vbdivulg.com\/index.php\/wp-json\/wp\/v2\/types\/product"}],"replies":[{"embeddable":true,"href":"https:\/\/www.vbdivulg.com\/index.php\/wp-json\/wp\/v2\/comments?post=8358"}],"wp:featuredmedia":[{"embeddable":true,"href":"https:\/\/www.vbdivulg.com\/index.php\/wp-json\/wp\/v2\/media\/8359"}],"wp:attachment":[{"href":"https:\/\/www.vbdivulg.com\/index.php\/wp-json\/wp\/v2\/media?parent=8358"}],"curies":[{"name":"wp","href":"https:\/\/api.w.org\/{rel}","templated":true}]}}