{"id":8368,"date":"2023-05-17T12:59:33","date_gmt":"2023-05-17T15:59:33","guid":{"rendered":"https:\/\/www.vbdivulg.com\/?post_type=product&#038;p=8368"},"modified":"2023-05-17T12:59:33","modified_gmt":"2023-05-17T15:59:33","slug":"playstation-5-2022-825gb-1-controle-branco-sony-com-god-of-war-ragnarok","status":"publish","type":"product","link":"https:\/\/www.vbdivulg.com\/index.php\/produto\/playstation-5-2022-825gb-1-controle-branco-sony-com-god-of-war-ragnarok\/","title":{"rendered":"PlayStation 5 2022 825GB 1 Controle Branco Sony &#8211; com God of War Ragnarok"},"content":{"rendered":"","protected":false},"excerpt":{"rendered":"<p><strong>Bundle PS5 Disk + God of War Ragnarok\u2757\ufe0f<\/strong><\/p>\n<p><strong>PlayStation 5 2022 825GB 1 Controle Branco Sony &#8211; com God of War Ragnarok<\/strong><\/p>\n<p><strong>\ud83d\udd25 Por: R$ 3.968,93 \u00e0 vista<\/strong><br \/>\n<strong>\ud83d\udd25 Por: R$ 4.409,92 em at\u00e9 10x<\/strong><\/p>\n<h2><strong>\ud83d\udd16 *Use o cupom:* 90VENESCAU<\/strong><\/h2>\n<p><strong>\u26a0\ufe0f Oferta v\u00e1lida para hoje, 17\/05\/2023, podendo encerrar a qualquer momento!!!<\/strong><\/p>\n<p><strong>\ud83d\ude9b *Retire na loja e N\u00c3O pague o frete (Consulte disponibilidade para seu cep) op\u00e7\u00e3o na tela de pagamento!!!*<\/strong><\/p>\n","protected":false},"featured_media":8369,"comment_status":"open","ping_status":"closed","template":"","meta":[],"class_list":{"0":"post-8368","1":"product","2":"type-product","3":"status-publish","4":"has-post-thumbnail","6":"product_cat-games-e-consoles","8":"first","9":"instock","10":"sale","11":"shipping-taxable","12":"product-type-external"},"_links":{"self":[{"href":"https:\/\/www.vbdivulg.com\/index.php\/wp-json\/wp\/v2\/product\/8368","targetHints":{"allow":["GET"]}}],"collection":[{"href":"https:\/\/www.vbdivulg.com\/index.php\/wp-json\/wp\/v2\/product"}],"about":[{"href":"https:\/\/www.vbdivulg.com\/index.php\/wp-json\/wp\/v2\/types\/product"}],"replies":[{"embeddable":true,"href":"https:\/\/www.vbdivulg.com\/index.php\/wp-json\/wp\/v2\/comments?post=8368"}],"wp:featuredmedia":[{"embeddable":true,"href":"https:\/\/www.vbdivulg.com\/index.php\/wp-json\/wp\/v2\/media\/8369"}],"wp:attachment":[{"href":"https:\/\/www.vbdivulg.com\/index.php\/wp-json\/wp\/v2\/media?parent=8368"}],"curies":[{"name":"wp","href":"https:\/\/api.w.org\/{rel}","templated":true}]}}