{"id":8372,"date":"2023-05-18T09:32:32","date_gmt":"2023-05-18T12:32:32","guid":{"rendered":"https:\/\/www.vbdivulg.com\/?post_type=product&#038;p=8372"},"modified":"2023-05-18T09:32:33","modified_gmt":"2023-05-18T12:32:33","slug":"omo-lava-roupas-po-lavagem-perfeita-pacote-familia-4-kg","status":"publish","type":"product","link":"https:\/\/www.vbdivulg.com\/index.php\/produto\/omo-lava-roupas-po-lavagem-perfeita-pacote-familia-4-kg\/","title":{"rendered":"OMO Lava-Roupas P\u00f3 Lavagem Perfeita Pacote Fam\u00edlia &#8211; 4 kg"},"content":{"rendered":"","protected":false},"excerpt":{"rendered":"<p><strong>\ud83e\uddfc \u00c9 4KG, OMO Tamanho Fam\u00edlia!<\/strong><\/p>\n<p><strong>OMO Lava-Roupas P\u00f3 Lavagem Perfeita Pacote Fam\u00edlia &#8211; 4 kg<\/strong><\/p>\n<p><strong>\ud83d\udd25 Por: R$ 52,55 \u00e0 vista<\/strong><\/p>\n<p><strong>\ud83d\uded2 Compre aqui: https:\/\/amzn.to\/3OhF0Vn<\/strong><\/p>\n<p><strong>\u26a0\ufe0fOferta v\u00e1lida para hoje, 18\/05\/2023, podendo encerrar a qualquer momento!!!<\/strong><\/p>\n<p><strong>\u2712\ufe0f Seja prime, primeiro m\u00eas \u00e9 gr\u00e1tis e pode cancelar quando quiser (inclusive no primeiro m\u00eas): <a href=\"https:\/\/amzn.to\/3xyV8G9\">https:\/\/amzn.to\/3xyV8G9<\/a><\/strong><\/p>\n","protected":false},"featured_media":8373,"comment_status":"open","ping_status":"closed","template":"","meta":[],"class_list":{"0":"post-8372","1":"product","2":"type-product","3":"status-publish","4":"has-post-thumbnail","6":"product_cat-mercado","8":"first","9":"instock","10":"sale","11":"shipping-taxable","12":"product-type-external"},"_links":{"self":[{"href":"https:\/\/www.vbdivulg.com\/index.php\/wp-json\/wp\/v2\/product\/8372","targetHints":{"allow":["GET"]}}],"collection":[{"href":"https:\/\/www.vbdivulg.com\/index.php\/wp-json\/wp\/v2\/product"}],"about":[{"href":"https:\/\/www.vbdivulg.com\/index.php\/wp-json\/wp\/v2\/types\/product"}],"replies":[{"embeddable":true,"href":"https:\/\/www.vbdivulg.com\/index.php\/wp-json\/wp\/v2\/comments?post=8372"}],"wp:featuredmedia":[{"embeddable":true,"href":"https:\/\/www.vbdivulg.com\/index.php\/wp-json\/wp\/v2\/media\/8373"}],"wp:attachment":[{"href":"https:\/\/www.vbdivulg.com\/index.php\/wp-json\/wp\/v2\/media?parent=8372"}],"curies":[{"name":"wp","href":"https:\/\/api.w.org\/{rel}","templated":true}]}}