{"id":8380,"date":"2023-05-18T10:42:52","date_gmt":"2023-05-18T13:42:52","guid":{"rendered":"https:\/\/www.vbdivulg.com\/?post_type=product&#038;p=8380"},"modified":"2023-05-18T10:43:11","modified_gmt":"2023-05-18T13:43:11","slug":"central-multimidia-pioneer-dmh-a348bt-6-8-touch-screen-usb-bt","status":"publish","type":"product","link":"https:\/\/www.vbdivulg.com\/index.php\/produto\/central-multimidia-pioneer-dmh-a348bt-6-8-touch-screen-usb-bt\/","title":{"rendered":"Central Multim\u00eddia Pioneer Dmh-a348bt 6.8&#8243; Touch Screen Usb\/bt"},"content":{"rendered":"","protected":false},"excerpt":{"rendered":"<p><strong>Tela 6.8&#8243; Touch Screen\u2757\ufe0f<\/strong><\/p>\n<p><strong>Central Multim\u00eddia Pioneer Dmh-a348bt 6.8&#8243; Touch Screen Usb\/bt<\/strong><\/p>\n<p><strong>\ud83d\udd25 Por: R$ 1.097,28 em at\u00e9 10x<\/strong><\/p>\n<p><strong>\u26a0\ufe0fOferta v\u00e1lida para hoje, 18\/05\/2023, podendo encerrar a qualquer momento!!!<\/strong><\/p>\n<p><strong>\u2712\ufe0f Seja prime, primeiro m\u00eas \u00e9 gr\u00e1tis e pode cancelar quando quiser (inclusive no primeiro m\u00eas): <a href=\"https:\/\/amzn.to\/3xyV8G9\">https:\/\/amzn.to\/3xyV8G9<\/a><\/strong><\/p>\n","protected":false},"featured_media":8381,"comment_status":"open","ping_status":"closed","template":"","meta":[],"class_list":{"0":"post-8380","1":"product","2":"type-product","3":"status-publish","4":"has-post-thumbnail","6":"product_cat-automotivo","8":"first","9":"instock","10":"sale","11":"shipping-taxable","12":"product-type-external"},"_links":{"self":[{"href":"https:\/\/www.vbdivulg.com\/index.php\/wp-json\/wp\/v2\/product\/8380","targetHints":{"allow":["GET"]}}],"collection":[{"href":"https:\/\/www.vbdivulg.com\/index.php\/wp-json\/wp\/v2\/product"}],"about":[{"href":"https:\/\/www.vbdivulg.com\/index.php\/wp-json\/wp\/v2\/types\/product"}],"replies":[{"embeddable":true,"href":"https:\/\/www.vbdivulg.com\/index.php\/wp-json\/wp\/v2\/comments?post=8380"}],"wp:featuredmedia":[{"embeddable":true,"href":"https:\/\/www.vbdivulg.com\/index.php\/wp-json\/wp\/v2\/media\/8381"}],"wp:attachment":[{"href":"https:\/\/www.vbdivulg.com\/index.php\/wp-json\/wp\/v2\/media?parent=8380"}],"curies":[{"name":"wp","href":"https:\/\/api.w.org\/{rel}","templated":true}]}}