{"id":8382,"date":"2023-05-18T13:00:34","date_gmt":"2023-05-18T16:00:34","guid":{"rendered":"https:\/\/www.vbdivulg.com\/?post_type=product&#038;p=8382"},"modified":"2023-05-18T13:00:57","modified_gmt":"2023-05-18T16:00:57","slug":"2022-smart-tv-lg-50-4k-nanocell-50nano75-3x-hdmi-2-0-nvidia-geforce-now-thinqai-smart-magic-google-alexa","status":"publish","type":"product","link":"https:\/\/www.vbdivulg.com\/index.php\/produto\/2022-smart-tv-lg-50-4k-nanocell-50nano75-3x-hdmi-2-0-nvidia-geforce-now-thinqai-smart-magic-google-alexa\/","title":{"rendered":"2022 Smart TV LG 50&#8243; 4K NanoCell 50NANO75 3x HDMI 2.0 Nvidia GEFORCE NOW ThinQAI Smart Magic Google Alexa"},"content":{"rendered":"","protected":false},"excerpt":{"rendered":"<p><strong>TV 50&#8243; 4K NanoCell\u2757\ufe0f<\/strong><\/p>\n<p><strong>\u00a0<\/strong><strong>2022 Smart TV LG 50&#8243; 4K NanoCell 50NANO75 3x HDMI 2.0 Nvidia GEFORCE NOW ThinQAI Smart Magic Google Alexa<\/strong><\/p>\n<p><strong>\u00a0<\/strong><strong>\ud83d\udd25 Por: R$ 2.499,00 em at\u00e9 10x<\/strong><\/p>\n<p><strong>\u26a0\ufe0fOferta v\u00e1lida para hoje, 18\/05\/2023, podendo encerrar a qualquer momento!!!<\/strong><\/p>\n<p><strong>\u00a0<\/strong><strong>\u2712\ufe0f Seja prime, primeiro m\u00eas \u00e9 gr\u00e1tis e pode cancelar quando quiser (inclusive no primeiro m\u00eas): <a href=\"https:\/\/amzn.to\/3xyV8G9\">https:\/\/amzn.to\/3xyV8G9<\/a><\/strong><\/p>\n","protected":false},"featured_media":8383,"comment_status":"open","ping_status":"closed","template":"","meta":[],"class_list":{"0":"post-8382","1":"product","2":"type-product","3":"status-publish","4":"has-post-thumbnail","6":"product_cat-eletrodomesticos","8":"first","9":"instock","10":"sale","11":"shipping-taxable","12":"product-type-external"},"_links":{"self":[{"href":"https:\/\/www.vbdivulg.com\/index.php\/wp-json\/wp\/v2\/product\/8382","targetHints":{"allow":["GET"]}}],"collection":[{"href":"https:\/\/www.vbdivulg.com\/index.php\/wp-json\/wp\/v2\/product"}],"about":[{"href":"https:\/\/www.vbdivulg.com\/index.php\/wp-json\/wp\/v2\/types\/product"}],"replies":[{"embeddable":true,"href":"https:\/\/www.vbdivulg.com\/index.php\/wp-json\/wp\/v2\/comments?post=8382"}],"wp:featuredmedia":[{"embeddable":true,"href":"https:\/\/www.vbdivulg.com\/index.php\/wp-json\/wp\/v2\/media\/8383"}],"wp:attachment":[{"href":"https:\/\/www.vbdivulg.com\/index.php\/wp-json\/wp\/v2\/media?parent=8382"}],"curies":[{"name":"wp","href":"https:\/\/api.w.org\/{rel}","templated":true}]}}