{"id":8384,"date":"2023-05-18T13:50:03","date_gmt":"2023-05-18T16:50:03","guid":{"rendered":"https:\/\/www.vbdivulg.com\/?post_type=product&#038;p=8384"},"modified":"2023-05-18T13:51:06","modified_gmt":"2023-05-18T16:51:06","slug":"baba-eletronica-motorola-am21","status":"publish","type":"product","link":"https:\/\/www.vbdivulg.com\/index.php\/produto\/baba-eletronica-motorola-am21\/","title":{"rendered":"Bab\u00e1 Eletr\u00f4nica Motorola AM21"},"content":{"rendered":"","protected":false},"excerpt":{"rendered":"<p><strong>PRE\u00c7\u00c3O! Acima de R$ 350 em outros sites <\/strong><strong>\ud83d\ude31<\/strong><\/p>\n<p><strong>\u00a0<\/strong><strong>Bab\u00e1 Eletr\u00f4nica Motorola AM21<\/strong><\/p>\n<p><strong>\u00a0<\/strong><strong>\ud83d\udd25<\/strong><strong>R$ 213,51 em at\u00e9 4x<\/strong><\/p>\n<p>\u26a0\ufe0f<strong>Oferta v\u00e1lida para hoje, 18\/05\/2023, podendo encerrar a qualquer momento!!!<\/strong><\/p>\n<p><strong>\u00a0<\/strong><\/p>\n","protected":false},"featured_media":8385,"comment_status":"open","ping_status":"closed","template":"","meta":[],"class_list":{"0":"post-8384","1":"product","2":"type-product","3":"status-publish","4":"has-post-thumbnail","6":"product_cat-bebes","8":"first","9":"instock","10":"sale","11":"shipping-taxable","12":"product-type-external"},"_links":{"self":[{"href":"https:\/\/www.vbdivulg.com\/index.php\/wp-json\/wp\/v2\/product\/8384","targetHints":{"allow":["GET"]}}],"collection":[{"href":"https:\/\/www.vbdivulg.com\/index.php\/wp-json\/wp\/v2\/product"}],"about":[{"href":"https:\/\/www.vbdivulg.com\/index.php\/wp-json\/wp\/v2\/types\/product"}],"replies":[{"embeddable":true,"href":"https:\/\/www.vbdivulg.com\/index.php\/wp-json\/wp\/v2\/comments?post=8384"}],"wp:featuredmedia":[{"embeddable":true,"href":"https:\/\/www.vbdivulg.com\/index.php\/wp-json\/wp\/v2\/media\/8385"}],"wp:attachment":[{"href":"https:\/\/www.vbdivulg.com\/index.php\/wp-json\/wp\/v2\/media?parent=8384"}],"curies":[{"name":"wp","href":"https:\/\/api.w.org\/{rel}","templated":true}]}}