{"id":8386,"date":"2023-05-18T13:55:23","date_gmt":"2023-05-18T16:55:23","guid":{"rendered":"https:\/\/www.vbdivulg.com\/?post_type=product&#038;p=8386"},"modified":"2023-05-18T13:55:39","modified_gmt":"2023-05-18T16:55:39","slug":"8386","status":"publish","type":"product","link":"https:\/\/www.vbdivulg.com\/index.php\/produto\/8386\/","title":{"rendered":"Bab\u00e1 Eletr\u00f4nica Motorola AM24"},"content":{"rendered":"","protected":false},"excerpt":{"rendered":"<p><strong>Bab\u00e1 Eletr\u00f4nica Motorola AM24<\/strong><\/p>\n<p><strong>\u00a0<\/strong><strong>\ud83d\udd25 Por: R$ 231,62 em at\u00e9 4x<\/strong><\/p>\n<p>\u26a0\ufe0f<strong>Oferta v\u00e1lida para hoje, 18\/05\/2023, podendo encerrar a qualquer momento!!!<\/strong><\/p>\n<p><strong>\u00a0\u2712\ufe0f Seja prime, primeiro m\u00eas \u00e9 gr\u00e1tis e pode cancelar quando quiser (inclusive no primeiro m\u00eas): <a href=\"https:\/\/amzn.to\/3xyV8G9\">https:\/\/amzn.to\/3xyV8G9<\/a><\/strong><\/p>\n","protected":false},"featured_media":8387,"comment_status":"open","ping_status":"closed","template":"","meta":[],"class_list":{"0":"post-8386","1":"product","2":"type-product","3":"status-publish","4":"has-post-thumbnail","6":"product_cat-bebes","8":"first","9":"instock","10":"sale","11":"shipping-taxable","12":"product-type-external"},"_links":{"self":[{"href":"https:\/\/www.vbdivulg.com\/index.php\/wp-json\/wp\/v2\/product\/8386","targetHints":{"allow":["GET"]}}],"collection":[{"href":"https:\/\/www.vbdivulg.com\/index.php\/wp-json\/wp\/v2\/product"}],"about":[{"href":"https:\/\/www.vbdivulg.com\/index.php\/wp-json\/wp\/v2\/types\/product"}],"replies":[{"embeddable":true,"href":"https:\/\/www.vbdivulg.com\/index.php\/wp-json\/wp\/v2\/comments?post=8386"}],"wp:featuredmedia":[{"embeddable":true,"href":"https:\/\/www.vbdivulg.com\/index.php\/wp-json\/wp\/v2\/media\/8387"}],"wp:attachment":[{"href":"https:\/\/www.vbdivulg.com\/index.php\/wp-json\/wp\/v2\/media?parent=8386"}],"curies":[{"name":"wp","href":"https:\/\/api.w.org\/{rel}","templated":true}]}}