{"id":8388,"date":"2023-05-18T14:00:01","date_gmt":"2023-05-18T17:00:01","guid":{"rendered":"https:\/\/www.vbdivulg.com\/?post_type=product&#038;p=8388"},"modified":"2023-06-09T09:49:27","modified_gmt":"2023-06-09T12:49:27","slug":"mangueira-para-jardim-com-15-metros-karcher","status":"publish","type":"product","link":"https:\/\/www.vbdivulg.com\/index.php\/produto\/mangueira-para-jardim-com-15-metros-karcher\/","title":{"rendered":"Mangueira para Jardim com 15 metros K\u00e4rcher"},"content":{"rendered":"","protected":false},"excerpt":{"rendered":"<p><strong>K\u00e4rcher 15 metros\u2757\ufe0f<\/strong><\/p>\n<p><strong>Mangueira para Jardim com 15 metros K\u00e4rcher<\/strong><\/p>\n<p><strong>\ud83d\udd25 Por: R$ 57,13 \u00e0 vista<\/strong><\/p>\n<p><strong>\ud83d\uddd3 Oferta v\u00e1lida para hoje, 18\/05\/2023, podendo encerrar a qualquer momento!!!<\/strong><\/p>\n<p><strong>\u26a0\ufe0f*Ofertas sujeitas a altera\u00e7\u00e3o de pre\u00e7o, condi\u00e7\u00f5es de pagamento e disponibilidade, sem aviso pr\u00e9vio.*<\/strong><\/p>\n<p><strong>\u2712\ufe0f Seja prime, primeiro m\u00eas \u00e9 gr\u00e1tis e pode cancelar quando quiser (inclusive no primeiro m\u00eas): <a href=\"https:\/\/amzn.to\/3xyV8G9\">https:\/\/amzn.to\/3xyV8G9<\/a><\/strong><\/p>\n","protected":false},"featured_media":8389,"comment_status":"open","ping_status":"closed","template":"","meta":[],"class_list":{"0":"post-8388","1":"product","2":"type-product","3":"status-publish","4":"has-post-thumbnail","6":"product_cat-jardim-e-piscina","8":"first","9":"instock","10":"sale","11":"shipping-taxable","12":"product-type-external"},"_links":{"self":[{"href":"https:\/\/www.vbdivulg.com\/index.php\/wp-json\/wp\/v2\/product\/8388","targetHints":{"allow":["GET"]}}],"collection":[{"href":"https:\/\/www.vbdivulg.com\/index.php\/wp-json\/wp\/v2\/product"}],"about":[{"href":"https:\/\/www.vbdivulg.com\/index.php\/wp-json\/wp\/v2\/types\/product"}],"replies":[{"embeddable":true,"href":"https:\/\/www.vbdivulg.com\/index.php\/wp-json\/wp\/v2\/comments?post=8388"}],"wp:featuredmedia":[{"embeddable":true,"href":"https:\/\/www.vbdivulg.com\/index.php\/wp-json\/wp\/v2\/media\/8389"}],"wp:attachment":[{"href":"https:\/\/www.vbdivulg.com\/index.php\/wp-json\/wp\/v2\/media?parent=8388"}],"curies":[{"name":"wp","href":"https:\/\/api.w.org\/{rel}","templated":true}]}}