{"id":8394,"date":"2023-05-18T14:18:52","date_gmt":"2023-05-18T17:18:52","guid":{"rendered":"https:\/\/www.vbdivulg.com\/?post_type=product&#038;p=8394"},"modified":"2023-05-18T14:18:52","modified_gmt":"2023-05-18T17:18:52","slug":"bepantol-derma-hidratante-corporal-balm-regenerador-creme-hidratante-corporal-diario-creme-intensivo-corporal-branco-200ml","status":"publish","type":"product","link":"https:\/\/www.vbdivulg.com\/index.php\/produto\/bepantol-derma-hidratante-corporal-balm-regenerador-creme-hidratante-corporal-diario-creme-intensivo-corporal-branco-200ml\/","title":{"rendered":"Bepantol Derma Hidratante Corporal, Balm Regenerador, Creme Hidratante Corporal Di\u00e1rio, Creme Intensivo Corporal, Branco, 200ml"},"content":{"rendered":"","protected":false},"excerpt":{"rendered":"<p><strong>Bepantol Derma Hidratante Corporal, Balm Regenerador, Creme Hidratante Corporal Di\u00e1rio, Creme Intensivo Corporal, Branco, 200ml<\/strong><\/p>\n<p><strong>\ud83d\udd25 Por: R$ 39,90 \u00e0 vista<\/strong><br \/>\n<strong>\ud83d\udd25 Por: R$ 35,91 Comprando na op\u00e7\u00e3o recorr\u00eancia<\/strong><\/p>\n<p><strong>\u26a0\ufe0fOferta v\u00e1lida para hoje, 18\/05\/2023, podendo encerrar a qualquer momento!!!<\/strong><\/p>\n<p><strong>\u2712\ufe0f Seja prime, primeiro m\u00eas \u00e9 gr\u00e1tis e pode cancelar quando quiser (inclusive no primeiro m\u00eas): <a href=\"https:\/\/amzn.to\/3xyV8G9\">https:\/\/amzn.to\/3xyV8G9<\/a><\/strong><\/p>\n","protected":false},"featured_media":8395,"comment_status":"open","ping_status":"closed","template":"","meta":[],"class_list":{"0":"post-8394","1":"product","2":"type-product","3":"status-publish","4":"has-post-thumbnail","6":"product_cat-saude","8":"first","9":"instock","10":"sale","11":"shipping-taxable","12":"product-type-external"},"_links":{"self":[{"href":"https:\/\/www.vbdivulg.com\/index.php\/wp-json\/wp\/v2\/product\/8394","targetHints":{"allow":["GET"]}}],"collection":[{"href":"https:\/\/www.vbdivulg.com\/index.php\/wp-json\/wp\/v2\/product"}],"about":[{"href":"https:\/\/www.vbdivulg.com\/index.php\/wp-json\/wp\/v2\/types\/product"}],"replies":[{"embeddable":true,"href":"https:\/\/www.vbdivulg.com\/index.php\/wp-json\/wp\/v2\/comments?post=8394"}],"wp:featuredmedia":[{"embeddable":true,"href":"https:\/\/www.vbdivulg.com\/index.php\/wp-json\/wp\/v2\/media\/8395"}],"wp:attachment":[{"href":"https:\/\/www.vbdivulg.com\/index.php\/wp-json\/wp\/v2\/media?parent=8394"}],"curies":[{"name":"wp","href":"https:\/\/api.w.org\/{rel}","templated":true}]}}