{"id":8413,"date":"2023-05-22T08:49:24","date_gmt":"2023-05-22T11:49:24","guid":{"rendered":"https:\/\/www.vbdivulg.com\/?post_type=product&#038;p=8413"},"modified":"2023-05-22T08:49:24","modified_gmt":"2023-05-22T11:49:24","slug":"adidas-tenis-response-super-3-0","status":"publish","type":"product","link":"https:\/\/www.vbdivulg.com\/index.php\/produto\/adidas-tenis-response-super-3-0\/","title":{"rendered":"Adidas T\u00eanis Response Super 3.0"},"content":{"rendered":"","protected":false},"excerpt":{"rendered":"<p><strong>PRE\u00c7\u00c3O \ud83d\ude2e\ud83d\ude2e<\/strong><\/p>\n<p><strong>Adidas T\u00eanis Response Super 3.0<\/strong><\/p>\n<p><strong>\ud83d\udd25R$ 299,99 em at\u00e9 6x<\/strong><\/p>\n<p><strong>\u26a0\ufe0f Oferta v\u00e1lida para hoje, 22\/05\/2023, podendo encerrar a qualquer momento!!!<\/strong><\/p>\n","protected":false},"featured_media":8414,"comment_status":"open","ping_status":"closed","template":"","meta":[],"class_list":{"0":"post-8413","1":"product","2":"type-product","3":"status-publish","4":"has-post-thumbnail","6":"product_cat-esporte","8":"first","9":"instock","10":"sale","11":"shipping-taxable","12":"product-type-external"},"_links":{"self":[{"href":"https:\/\/www.vbdivulg.com\/index.php\/wp-json\/wp\/v2\/product\/8413","targetHints":{"allow":["GET"]}}],"collection":[{"href":"https:\/\/www.vbdivulg.com\/index.php\/wp-json\/wp\/v2\/product"}],"about":[{"href":"https:\/\/www.vbdivulg.com\/index.php\/wp-json\/wp\/v2\/types\/product"}],"replies":[{"embeddable":true,"href":"https:\/\/www.vbdivulg.com\/index.php\/wp-json\/wp\/v2\/comments?post=8413"}],"wp:featuredmedia":[{"embeddable":true,"href":"https:\/\/www.vbdivulg.com\/index.php\/wp-json\/wp\/v2\/media\/8414"}],"wp:attachment":[{"href":"https:\/\/www.vbdivulg.com\/index.php\/wp-json\/wp\/v2\/media?parent=8413"}],"curies":[{"name":"wp","href":"https:\/\/api.w.org\/{rel}","templated":true}]}}