{"id":8417,"date":"2023-05-22T10:32:07","date_gmt":"2023-05-22T13:32:07","guid":{"rendered":"https:\/\/www.vbdivulg.com\/?post_type=product&#038;p=8417"},"modified":"2023-05-22T10:32:07","modified_gmt":"2023-05-22T13:32:07","slug":"pilha-alcalina-aa-pequena-duracell-com-16-unidades","status":"publish","type":"product","link":"https:\/\/www.vbdivulg.com\/index.php\/produto\/pilha-alcalina-aa-pequena-duracell-com-16-unidades\/","title":{"rendered":"Pilha Alcalina AA Pequena DURACELL Com 16 Unidades"},"content":{"rendered":"","protected":false},"excerpt":{"rendered":"<p><strong>\ud83d\udd0b 16 Pilhas<\/strong><\/p>\n<p><strong>Pilha Alcalina AA Pequena DURACELL Com 16 Unidades<\/strong><\/p>\n<p><strong>\ud83d\udd25 Por: R$ 69,90 \u00e0 vista<\/strong><\/p>\n<p><strong>\ud83d\uddd3 Oferta v\u00e1lida para hoje, 22\/05\/2023, podendo encerrar a qualquer momento!!!<\/strong><\/p>\n<p><strong>\u26a0\ufe0fOfertas sujeitas a altera\u00e7\u00e3o de pre\u00e7o, condi\u00e7\u00f5es de pagamento e disponibilidade, sem aviso pr\u00e9vio.<\/strong><\/p>\n<p><strong>\u2712\ufe0f Seja prime, primeiro m\u00eas \u00e9 gr\u00e1tis e pode cancelar quando quiser (inclusive no primeiro m\u00eas): <a href=\"https:\/\/amzn.to\/3xyV8G9\">https:\/\/amzn.to\/3xyV8G9<\/a><\/strong><\/p>\n","protected":false},"featured_media":8418,"comment_status":"open","ping_status":"closed","template":"","meta":[],"class_list":{"0":"post-8417","1":"product","2":"type-product","3":"status-publish","4":"has-post-thumbnail","6":"product_cat-eletronicas-e-tecnologia","8":"first","9":"instock","10":"sale","11":"shipping-taxable","12":"product-type-external"},"_links":{"self":[{"href":"https:\/\/www.vbdivulg.com\/index.php\/wp-json\/wp\/v2\/product\/8417","targetHints":{"allow":["GET"]}}],"collection":[{"href":"https:\/\/www.vbdivulg.com\/index.php\/wp-json\/wp\/v2\/product"}],"about":[{"href":"https:\/\/www.vbdivulg.com\/index.php\/wp-json\/wp\/v2\/types\/product"}],"replies":[{"embeddable":true,"href":"https:\/\/www.vbdivulg.com\/index.php\/wp-json\/wp\/v2\/comments?post=8417"}],"wp:featuredmedia":[{"embeddable":true,"href":"https:\/\/www.vbdivulg.com\/index.php\/wp-json\/wp\/v2\/media\/8418"}],"wp:attachment":[{"href":"https:\/\/www.vbdivulg.com\/index.php\/wp-json\/wp\/v2\/media?parent=8417"}],"curies":[{"name":"wp","href":"https:\/\/api.w.org\/{rel}","templated":true}]}}