{"id":8419,"date":"2023-05-22T10:36:34","date_gmt":"2023-05-22T13:36:34","guid":{"rendered":"https:\/\/www.vbdivulg.com\/?post_type=product&#038;p=8419"},"modified":"2023-05-22T10:36:34","modified_gmt":"2023-05-22T13:36:34","slug":"lenovo-notebook-ideapad-gaming-3-r7-5800h-8gb-256gb-ssd-pcie-gtx-1650-4gb-15-6-fhd-w11-82mj0001br-preto","status":"publish","type":"product","link":"https:\/\/www.vbdivulg.com\/index.php\/produto\/lenovo-notebook-ideapad-gaming-3-r7-5800h-8gb-256gb-ssd-pcie-gtx-1650-4gb-15-6-fhd-w11-82mj0001br-preto\/","title":{"rendered":"Lenovo Notebook ideapad Gaming 3 R7-5800H 8GB 256GB SSD PCIe GTX 1650 4GB 15.6&#8243; FHD W11 82MJ0001BR, preto"},"content":{"rendered":"","protected":false},"excerpt":{"rendered":"<p><strong>\ud83d\udcbb Notebook GAMER com configura\u00e7\u00e3o TOP\u203c\ufe0f<\/strong><\/p>\n<p><strong>Lenovo Notebook ideapad Gaming 3 R7-5800H 8GB 256GB SSD PCIe GTX 1650 4GB 15.6&#8243; FHD W11 82MJ0001BR, preto<\/strong><\/p>\n<p><strong>\ud83d\udd25 Por: R$ 3.990,00 em at\u00e9 10x<\/strong><\/p>\n<p><strong>\u26a0\ufe0f Oferta v\u00e1lida para hoje, 22\/05\/2023, podendo encerrar a qualquer momento!!!<\/strong><\/p>\n<p><strong>\u2712\ufe0f Seja prime, primeiro m\u00eas \u00e9 gr\u00e1tis e pode cancelar quando quiser (inclusive no primeiro m\u00eas):<a href=\"https:\/\/amzn.to\/3xyV8G9\"> https:\/\/amzn.to\/3xyV8G9<\/a><\/strong><\/p>\n","protected":false},"featured_media":8420,"comment_status":"open","ping_status":"closed","template":"","meta":[],"class_list":{"0":"post-8419","1":"product","2":"type-product","3":"status-publish","4":"has-post-thumbnail","6":"product_cat-informatica","8":"first","9":"instock","10":"sale","11":"shipping-taxable","12":"product-type-external"},"_links":{"self":[{"href":"https:\/\/www.vbdivulg.com\/index.php\/wp-json\/wp\/v2\/product\/8419","targetHints":{"allow":["GET"]}}],"collection":[{"href":"https:\/\/www.vbdivulg.com\/index.php\/wp-json\/wp\/v2\/product"}],"about":[{"href":"https:\/\/www.vbdivulg.com\/index.php\/wp-json\/wp\/v2\/types\/product"}],"replies":[{"embeddable":true,"href":"https:\/\/www.vbdivulg.com\/index.php\/wp-json\/wp\/v2\/comments?post=8419"}],"wp:featuredmedia":[{"embeddable":true,"href":"https:\/\/www.vbdivulg.com\/index.php\/wp-json\/wp\/v2\/media\/8420"}],"wp:attachment":[{"href":"https:\/\/www.vbdivulg.com\/index.php\/wp-json\/wp\/v2\/media?parent=8419"}],"curies":[{"name":"wp","href":"https:\/\/api.w.org\/{rel}","templated":true}]}}