{"id":8425,"date":"2023-05-22T11:01:35","date_gmt":"2023-05-22T14:01:35","guid":{"rendered":"https:\/\/www.vbdivulg.com\/?post_type=product&#038;p=8425"},"modified":"2023-05-22T11:01:35","modified_gmt":"2023-05-22T14:01:35","slug":"sandalia-vizzano-salto-medio-feminina-branco","status":"publish","type":"product","link":"https:\/\/www.vbdivulg.com\/index.php\/produto\/sandalia-vizzano-salto-medio-feminina-branco\/","title":{"rendered":"Sand\u00e1lia Vizzano Salto M\u00e9dio Feminina &#8211; Branco"},"content":{"rendered":"","protected":false},"excerpt":{"rendered":"<p><strong>Sand\u00e1lia Vizzano Salto M\u00e9dio Feminina &#8211; Branco<\/strong><\/p>\n<p><strong>\ud83d\udd25 Por: R$ 67,49<\/strong><\/p>\n<p><strong>\u26a0\ufe0f Oferta v\u00e1lida para hoje, 22\/05\/2023, podendo encerrar a qualquer momento!!!<\/strong><\/p>\n","protected":false},"featured_media":8426,"comment_status":"open","ping_status":"closed","template":"","meta":[],"class_list":{"0":"post-8425","1":"product","2":"type-product","3":"status-publish","4":"has-post-thumbnail","6":"product_cat-calcados-feminino","8":"first","9":"instock","10":"sale","11":"shipping-taxable","12":"product-type-external"},"_links":{"self":[{"href":"https:\/\/www.vbdivulg.com\/index.php\/wp-json\/wp\/v2\/product\/8425","targetHints":{"allow":["GET"]}}],"collection":[{"href":"https:\/\/www.vbdivulg.com\/index.php\/wp-json\/wp\/v2\/product"}],"about":[{"href":"https:\/\/www.vbdivulg.com\/index.php\/wp-json\/wp\/v2\/types\/product"}],"replies":[{"embeddable":true,"href":"https:\/\/www.vbdivulg.com\/index.php\/wp-json\/wp\/v2\/comments?post=8425"}],"wp:featuredmedia":[{"embeddable":true,"href":"https:\/\/www.vbdivulg.com\/index.php\/wp-json\/wp\/v2\/media\/8426"}],"wp:attachment":[{"href":"https:\/\/www.vbdivulg.com\/index.php\/wp-json\/wp\/v2\/media?parent=8425"}],"curies":[{"name":"wp","href":"https:\/\/api.w.org\/{rel}","templated":true}]}}