{"id":8433,"date":"2023-05-23T11:02:57","date_gmt":"2023-05-23T14:02:57","guid":{"rendered":"https:\/\/www.vbdivulg.com\/?post_type=product&#038;p=8433"},"modified":"2023-05-23T11:02:57","modified_gmt":"2023-05-23T14:02:57","slug":"monitor-gamer-aoc-speed-24-75hz-ips-1ms-24g2he5","status":"publish","type":"product","link":"https:\/\/www.vbdivulg.com\/index.php\/produto\/monitor-gamer-aoc-speed-24-75hz-ips-1ms-24g2he5\/","title":{"rendered":"Monitor Gamer AOC SPEED 24 75Hz IPS 1ms 24G2HE5"},"content":{"rendered":"","protected":false},"excerpt":{"rendered":"<p><strong>24&#8243; 75Hz IPS\u2757\ufe0f<\/strong><\/p>\n<p><strong>Monitor Gamer AOC SPEED 24 75Hz IPS 1ms 24G2HE5<\/strong><\/p>\n<p><strong>\ud83d\udd25 Por: R$ 759,99 \u00e0 vista<\/strong><br \/>\n<strong>\ud83d\udd25 Por: R$ 844,43 em at\u00e9 10x<\/strong><\/p>\n<p><strong>\u26a0\ufe0f Oferta v\u00e1lida para hoje, 23\/05\/2023, podendo encerrar a qualquer momento!!!<\/strong><\/p>\n<p><strong>\u2712\ufe0f Seja prime, primeiro m\u00eas \u00e9 gr\u00e1tis e pode cancelar quando quiser (inclusive no primeiro m\u00eas):<a href=\"https:\/\/amzn.to\/3xyV8G9\"> https:\/\/amzn.to\/3xyV8G9<\/a><\/strong><\/p>\n","protected":false},"featured_media":8434,"comment_status":"open","ping_status":"closed","template":"","meta":[],"class_list":{"0":"post-8433","1":"product","2":"type-product","3":"status-publish","4":"has-post-thumbnail","6":"product_cat-informatica","8":"first","9":"instock","10":"sale","11":"shipping-taxable","12":"product-type-external"},"_links":{"self":[{"href":"https:\/\/www.vbdivulg.com\/index.php\/wp-json\/wp\/v2\/product\/8433","targetHints":{"allow":["GET"]}}],"collection":[{"href":"https:\/\/www.vbdivulg.com\/index.php\/wp-json\/wp\/v2\/product"}],"about":[{"href":"https:\/\/www.vbdivulg.com\/index.php\/wp-json\/wp\/v2\/types\/product"}],"replies":[{"embeddable":true,"href":"https:\/\/www.vbdivulg.com\/index.php\/wp-json\/wp\/v2\/comments?post=8433"}],"wp:featuredmedia":[{"embeddable":true,"href":"https:\/\/www.vbdivulg.com\/index.php\/wp-json\/wp\/v2\/media\/8434"}],"wp:attachment":[{"href":"https:\/\/www.vbdivulg.com\/index.php\/wp-json\/wp\/v2\/media?parent=8433"}],"curies":[{"name":"wp","href":"https:\/\/api.w.org\/{rel}","templated":true}]}}