{"id":8438,"date":"2023-05-23T11:09:52","date_gmt":"2023-05-23T14:09:52","guid":{"rendered":"https:\/\/www.vbdivulg.com\/?post_type=product&#038;p=8438"},"modified":"2023-05-23T11:09:53","modified_gmt":"2023-05-23T14:09:53","slug":"pilha-philips-recarregavel-aa-1-2v-2-500mah-com-2-unidades-r6b2rtu25-59","status":"publish","type":"product","link":"https:\/\/www.vbdivulg.com\/index.php\/produto\/pilha-philips-recarregavel-aa-1-2v-2-500mah-com-2-unidades-r6b2rtu25-59\/","title":{"rendered":"Pilha Philips recarreg\u00e1vel AA 1.2V 2.500mAh com 2 unidades R6B2RTU25\/59"},"content":{"rendered":"","protected":false},"excerpt":{"rendered":"<p><strong>PRE\u00c7\u00c3O\ud83d\ude31\u203c\ufe0f recarreg\u00e1vel<\/strong><\/p>\n<p><strong>Pilha Philips recarreg\u00e1vel AA 1.2V 2.500mAh com 2 unidades R6B2RTU25\/59<\/strong><\/p>\n<p><strong>\ud83d\udd25 Por: R$ 32,06 \u00e0 vista<\/strong><\/p>\n<p><strong>\ud83d\uddd3 Oferta v\u00e1lida para hoje, 23\/05\/2023, podendo encerrar a qualquer momento!!!<\/strong><\/p>\n<p><strong>\u2712\ufe0f Seja prime, primeiro m\u00eas \u00e9 gr\u00e1tis e pode cancelar quando quiser (inclusive no primeiro m\u00eas): <a href=\"https:\/\/amzn.to\/3xyV8G9\">https:\/\/amzn.to\/3xyV8G9<\/a><\/strong><\/p>\n","protected":false},"featured_media":8439,"comment_status":"open","ping_status":"closed","template":"","meta":[],"class_list":{"0":"post-8438","1":"product","2":"type-product","3":"status-publish","4":"has-post-thumbnail","6":"product_cat-eletronicas-e-tecnologia","8":"first","9":"instock","10":"sale","11":"shipping-taxable","12":"product-type-external"},"_links":{"self":[{"href":"https:\/\/www.vbdivulg.com\/index.php\/wp-json\/wp\/v2\/product\/8438","targetHints":{"allow":["GET"]}}],"collection":[{"href":"https:\/\/www.vbdivulg.com\/index.php\/wp-json\/wp\/v2\/product"}],"about":[{"href":"https:\/\/www.vbdivulg.com\/index.php\/wp-json\/wp\/v2\/types\/product"}],"replies":[{"embeddable":true,"href":"https:\/\/www.vbdivulg.com\/index.php\/wp-json\/wp\/v2\/comments?post=8438"}],"wp:featuredmedia":[{"embeddable":true,"href":"https:\/\/www.vbdivulg.com\/index.php\/wp-json\/wp\/v2\/media\/8439"}],"wp:attachment":[{"href":"https:\/\/www.vbdivulg.com\/index.php\/wp-json\/wp\/v2\/media?parent=8438"}],"curies":[{"name":"wp","href":"https:\/\/api.w.org\/{rel}","templated":true}]}}