{"id":8440,"date":"2023-05-23T11:22:31","date_gmt":"2023-05-23T14:22:31","guid":{"rendered":"https:\/\/www.vbdivulg.com\/?post_type=product&#038;p=8440"},"modified":"2023-05-23T11:22:31","modified_gmt":"2023-05-23T14:22:31","slug":"lampada-smart-inteligente-intelbras-ews-410-com-16-milhoes-de-cores-wi-fi-compativel-com-alexa","status":"publish","type":"product","link":"https:\/\/www.vbdivulg.com\/index.php\/produto\/lampada-smart-inteligente-intelbras-ews-410-com-16-milhoes-de-cores-wi-fi-compativel-com-alexa\/","title":{"rendered":"L\u00e2mpada Smart Inteligente Intelbras EWS 410 com 16 milh\u00f5es de cores Wi-Fi compat\u00edvel com Alexa"},"content":{"rendered":"","protected":false},"excerpt":{"rendered":"<p><strong>BAIXOU, colorida e Compat\u00edvel com Alexa, 10 Watts\ud83d\udca1<\/strong><\/p>\n<p><strong>L\u00e2mpada Smart Inteligente Intelbras EWS 410 com 16 milh\u00f5es de cores Wi-Fi compat\u00edvel com Alexa<\/strong><\/p>\n<p><strong>\ud83d\udd25 Por: R$ 39,25 \u00e0 vista<\/strong><\/p>\n<p><strong>\u26a0\ufe0f Oferta v\u00e1lida para hoje, 23\/05\/2023, podendo encerrar a qualquer momento!!!<\/strong><\/p>\n<p><strong>\u2712\ufe0f Seja prime, primeiro m\u00eas \u00e9 gr\u00e1tis e pode cancelar quando quiser (inclusive no primeiro m\u00eas): <a href=\"https:\/\/amzn.to\/3xyV8G9\">https:\/\/amzn.to\/3xyV8G9<\/a><\/strong><\/p>\n","protected":false},"featured_media":8441,"comment_status":"open","ping_status":"closed","template":"","meta":[],"class_list":{"0":"post-8440","1":"product","2":"type-product","3":"status-publish","4":"has-post-thumbnail","6":"product_cat-casa-e-construcao","8":"first","9":"instock","10":"sale","11":"shipping-taxable","12":"product-type-external"},"_links":{"self":[{"href":"https:\/\/www.vbdivulg.com\/index.php\/wp-json\/wp\/v2\/product\/8440","targetHints":{"allow":["GET"]}}],"collection":[{"href":"https:\/\/www.vbdivulg.com\/index.php\/wp-json\/wp\/v2\/product"}],"about":[{"href":"https:\/\/www.vbdivulg.com\/index.php\/wp-json\/wp\/v2\/types\/product"}],"replies":[{"embeddable":true,"href":"https:\/\/www.vbdivulg.com\/index.php\/wp-json\/wp\/v2\/comments?post=8440"}],"wp:featuredmedia":[{"embeddable":true,"href":"https:\/\/www.vbdivulg.com\/index.php\/wp-json\/wp\/v2\/media\/8441"}],"wp:attachment":[{"href":"https:\/\/www.vbdivulg.com\/index.php\/wp-json\/wp\/v2\/media?parent=8440"}],"curies":[{"name":"wp","href":"https:\/\/api.w.org\/{rel}","templated":true}]}}