{"id":8454,"date":"2023-05-25T11:25:07","date_gmt":"2023-05-25T14:25:07","guid":{"rendered":"https:\/\/www.vbdivulg.com\/?post_type=product&#038;p=8454"},"modified":"2023-05-26T08:55:56","modified_gmt":"2023-05-26T11:55:56","slug":"bosch-trena-laser-glm-50-c-alcance-50m-com-bluetooth","status":"publish","type":"product","link":"https:\/\/www.vbdivulg.com\/index.php\/produto\/bosch-trena-laser-glm-50-c-alcance-50m-com-bluetooth\/","title":{"rendered":"Bosch Trena Laser Glm 50 C Alcance 50M Com Bluetooth"},"content":{"rendered":"","protected":false},"excerpt":{"rendered":"<p><strong>Alcance de 50 metros\u2757\ufe0f<\/strong><\/p>\n<p><strong>Bosch Trena Laser Glm 50 C Alcance 50M Com Bluetooth<\/strong><\/p>\n<p><strong>\ud83d\udd25 Por: R$ 479,99 em at\u00e9 9x<\/strong><\/p>\n<p><strong>\u26a0\ufe0fOferta v\u00e1lida para hoje, 25\/05\/2023, podendo encerrar a qualquer momento!!!<\/strong><\/p>\n<p><strong>\u2712\ufe0f Seja prime, primeiro m\u00eas \u00e9 gr\u00e1tis e pode cancelar quando quiser (inclusive no primeiro m\u00eas): <a href=\"https:\/\/amzn.to\/3xyV8G9\">https:\/\/amzn.to\/3xyV8G9<\/a><\/strong><\/p>\n","protected":false},"featured_media":8455,"comment_status":"open","ping_status":"closed","template":"","meta":[],"class_list":{"0":"post-8454","1":"product","2":"type-product","3":"status-publish","4":"has-post-thumbnail","6":"product_cat-casa-e-construcao","8":"first","9":"instock","10":"sale","11":"shipping-taxable","12":"product-type-external"},"_links":{"self":[{"href":"https:\/\/www.vbdivulg.com\/index.php\/wp-json\/wp\/v2\/product\/8454","targetHints":{"allow":["GET"]}}],"collection":[{"href":"https:\/\/www.vbdivulg.com\/index.php\/wp-json\/wp\/v2\/product"}],"about":[{"href":"https:\/\/www.vbdivulg.com\/index.php\/wp-json\/wp\/v2\/types\/product"}],"replies":[{"embeddable":true,"href":"https:\/\/www.vbdivulg.com\/index.php\/wp-json\/wp\/v2\/comments?post=8454"}],"wp:featuredmedia":[{"embeddable":true,"href":"https:\/\/www.vbdivulg.com\/index.php\/wp-json\/wp\/v2\/media\/8455"}],"wp:attachment":[{"href":"https:\/\/www.vbdivulg.com\/index.php\/wp-json\/wp\/v2\/media?parent=8454"}],"curies":[{"name":"wp","href":"https:\/\/api.w.org\/{rel}","templated":true}]}}