{"id":8456,"date":"2023-05-25T11:27:47","date_gmt":"2023-05-25T14:27:47","guid":{"rendered":"https:\/\/www.vbdivulg.com\/?post_type=product&#038;p=8456"},"modified":"2023-05-26T08:55:28","modified_gmt":"2023-05-26T11:55:28","slug":"frigideira-francesa-rochedo-stone-pro-22-cm","status":"publish","type":"product","link":"https:\/\/www.vbdivulg.com\/index.php\/produto\/frigideira-francesa-rochedo-stone-pro-22-cm\/","title":{"rendered":"Frigideira Francesa Rochedo Stone Pro 22 cm"},"content":{"rendered":"","protected":false},"excerpt":{"rendered":"<p><strong>Frigideira Francesa Rochedo Stone Pro 22 cm<\/strong><\/p>\n<p><strong>\ud83d\udd25 Por: R$ 51,90 \u00e0 vista<\/strong><\/p>\n<p><strong>\u26a0\ufe0fOferta v\u00e1lida para hoje, 25\/05\/2023, podendo encerrar a qualquer momento!!!<\/strong><\/p>\n<p><strong>\u2712\ufe0f Seja prime, primeiro m\u00eas \u00e9 gr\u00e1tis e pode cancelar quando quiser (inclusive no primeiro m\u00eas): <a href=\"https:\/\/amzn.to\/3xyV8G9\">https:\/\/amzn.to\/3xyV8G9<\/a><\/strong><\/p>\n","protected":false},"featured_media":8457,"comment_status":"open","ping_status":"closed","template":"","meta":[],"class_list":{"0":"post-8456","1":"product","2":"type-product","3":"status-publish","4":"has-post-thumbnail","6":"product_cat-utilidades-domesticas","8":"first","9":"instock","10":"sale","11":"shipping-taxable","12":"product-type-external"},"_links":{"self":[{"href":"https:\/\/www.vbdivulg.com\/index.php\/wp-json\/wp\/v2\/product\/8456","targetHints":{"allow":["GET"]}}],"collection":[{"href":"https:\/\/www.vbdivulg.com\/index.php\/wp-json\/wp\/v2\/product"}],"about":[{"href":"https:\/\/www.vbdivulg.com\/index.php\/wp-json\/wp\/v2\/types\/product"}],"replies":[{"embeddable":true,"href":"https:\/\/www.vbdivulg.com\/index.php\/wp-json\/wp\/v2\/comments?post=8456"}],"wp:featuredmedia":[{"embeddable":true,"href":"https:\/\/www.vbdivulg.com\/index.php\/wp-json\/wp\/v2\/media\/8457"}],"wp:attachment":[{"href":"https:\/\/www.vbdivulg.com\/index.php\/wp-json\/wp\/v2\/media?parent=8456"}],"curies":[{"name":"wp","href":"https:\/\/api.w.org\/{rel}","templated":true}]}}