{"id":8462,"date":"2023-05-25T11:36:34","date_gmt":"2023-05-25T14:36:34","guid":{"rendered":"https:\/\/www.vbdivulg.com\/?post_type=product&#038;p=8462"},"modified":"2023-05-26T08:54:51","modified_gmt":"2023-05-26T11:54:51","slug":"sabao-liquido-omo-lavagem-perfeita-pro-galao-7-litros-1-unidade","status":"publish","type":"product","link":"https:\/\/www.vbdivulg.com\/index.php\/produto\/sabao-liquido-omo-lavagem-perfeita-pro-galao-7-litros-1-unidade\/","title":{"rendered":"Sab\u00e3o L\u00edquido Omo Lavagem Perfeita Pro Gal\u00e3o 7 Litros &#8211; 1 Unidade"},"content":{"rendered":"","protected":false},"excerpt":{"rendered":"<p><strong>\ud83e\uddfc 7 Litros\u2757\ufe0f<\/strong><\/p>\n<p><strong>Sab\u00e3o L\u00edquido Omo Lavagem Perfeita Pro Gal\u00e3o 7 Litros &#8211; 1 Unidade<\/strong><\/p>\n<p><strong>\u26a0\ufe0f O valor se aplica ao selecionar a forma de pagamento: Pix<\/strong><\/p>\n<p><strong>\ud83d\udd25 Por: R$ 71,91 via Pix<\/strong><\/p>\n<p><strong>\u26a0\ufe0fOferta v\u00e1lida para hoje, 25\/05\/2023, podendo encerrar a qualquer momento!!!<\/strong><\/p>\n","protected":false},"featured_media":8463,"comment_status":"open","ping_status":"closed","template":"","meta":[],"class_list":{"0":"post-8462","1":"product","2":"type-product","3":"status-publish","4":"has-post-thumbnail","6":"product_cat-mercado","8":"first","9":"instock","10":"sale","11":"shipping-taxable","12":"product-type-external"},"_links":{"self":[{"href":"https:\/\/www.vbdivulg.com\/index.php\/wp-json\/wp\/v2\/product\/8462","targetHints":{"allow":["GET"]}}],"collection":[{"href":"https:\/\/www.vbdivulg.com\/index.php\/wp-json\/wp\/v2\/product"}],"about":[{"href":"https:\/\/www.vbdivulg.com\/index.php\/wp-json\/wp\/v2\/types\/product"}],"replies":[{"embeddable":true,"href":"https:\/\/www.vbdivulg.com\/index.php\/wp-json\/wp\/v2\/comments?post=8462"}],"wp:featuredmedia":[{"embeddable":true,"href":"https:\/\/www.vbdivulg.com\/index.php\/wp-json\/wp\/v2\/media\/8463"}],"wp:attachment":[{"href":"https:\/\/www.vbdivulg.com\/index.php\/wp-json\/wp\/v2\/media?parent=8462"}],"curies":[{"name":"wp","href":"https:\/\/api.w.org\/{rel}","templated":true}]}}