{"id":8466,"date":"2023-05-25T11:43:03","date_gmt":"2023-05-25T14:43:03","guid":{"rendered":"https:\/\/www.vbdivulg.com\/?post_type=product&#038;p=8466"},"modified":"2023-05-26T08:54:08","modified_gmt":"2023-05-26T11:54:08","slug":"kit-absolut-repair-shampoo-300ml-mascara-de-tratamento-250g-absolut-repair-oleo-10-em-1-90ml-loreal-professionnel","status":"publish","type":"product","link":"https:\/\/www.vbdivulg.com\/index.php\/produto\/kit-absolut-repair-shampoo-300ml-mascara-de-tratamento-250g-absolut-repair-oleo-10-em-1-90ml-loreal-professionnel\/","title":{"rendered":"Kit Absolut Repair &#8211; Shampoo 300ml + M\u00e1scara de tratamento 250g + Absolut Repair \u00d3leo 10 em 1-90ml | L\u2019Or\u00e9al Professionnel"},"content":{"rendered":"","protected":false},"excerpt":{"rendered":"<p><strong>Kit Absolut Repair &#8211; Shampoo 300ml + M\u00e1scara de tratamento 250g + Absolut Repair \u00d3leo 10 em 1-90ml | L\u2019Or\u00e9al Professionnel<\/strong><\/p>\n<p><strong>\u00a0\ud83d\udd25 Por: R$ 218,40 em at\u00e9 4x<\/strong><\/p>\n<p><strong>\u00a0\ud83d\uded2 Compre aqui:\u00a0<\/strong><\/p>\n<p><strong>\u26a0\ufe0fOferta v\u00e1lida para hoje, 25\/05\/2023, podendo encerrar a qualquer momento!!!<\/strong><\/p>\n<p><strong>\u00a0\u2712\ufe0f Seja prime, primeiro m\u00eas \u00e9 gr\u00e1tis e pode cancelar quando quiser (inclusive no primeiro m\u00eas): <a href=\"https:\/\/amzn.to\/3xyV8G9\">https:\/\/amzn.to\/3xyV8G9<\/a><\/strong><\/p>\n","protected":false},"featured_media":8467,"comment_status":"open","ping_status":"closed","template":"","meta":[],"class_list":{"0":"post-8466","1":"product","2":"type-product","3":"status-publish","4":"has-post-thumbnail","6":"product_cat-cosmeticos","8":"first","9":"instock","10":"sale","11":"shipping-taxable","12":"product-type-external"},"_links":{"self":[{"href":"https:\/\/www.vbdivulg.com\/index.php\/wp-json\/wp\/v2\/product\/8466","targetHints":{"allow":["GET"]}}],"collection":[{"href":"https:\/\/www.vbdivulg.com\/index.php\/wp-json\/wp\/v2\/product"}],"about":[{"href":"https:\/\/www.vbdivulg.com\/index.php\/wp-json\/wp\/v2\/types\/product"}],"replies":[{"embeddable":true,"href":"https:\/\/www.vbdivulg.com\/index.php\/wp-json\/wp\/v2\/comments?post=8466"}],"wp:featuredmedia":[{"embeddable":true,"href":"https:\/\/www.vbdivulg.com\/index.php\/wp-json\/wp\/v2\/media\/8467"}],"wp:attachment":[{"href":"https:\/\/www.vbdivulg.com\/index.php\/wp-json\/wp\/v2\/media?parent=8466"}],"curies":[{"name":"wp","href":"https:\/\/api.w.org\/{rel}","templated":true}]}}