{"id":8468,"date":"2023-05-25T11:50:55","date_gmt":"2023-05-25T14:50:55","guid":{"rendered":"https:\/\/www.vbdivulg.com\/?post_type=product&#038;p=8468"},"modified":"2023-05-26T08:53:48","modified_gmt":"2023-05-26T11:53:48","slug":"panela-de-arroz-eletrica-electrolux-7-xicaras-13l-efficient-por-rita-lobo-rcb50","status":"publish","type":"product","link":"https:\/\/www.vbdivulg.com\/index.php\/produto\/panela-de-arroz-eletrica-electrolux-7-xicaras-13l-efficient-por-rita-lobo-rcb50\/","title":{"rendered":"Panela de Arroz El\u00e9trica Electrolux 7 X\u00edcaras 1,3L Efficient por Rita Lobo (RCB50)"},"content":{"rendered":"","protected":false},"excerpt":{"rendered":"<p><strong>Panela de Arroz El\u00e9trica Electrolux 7 X\u00edcaras 1,3L Efficient por Rita Lobo (RCB50)<\/strong><\/p>\n<p><strong>\ud83d\udd25 Por: R$ 170,05 em at\u00e9 2x<\/strong><\/p>\n<h2><strong>\ud83d\udd16 *Use o cupom:* DICA5<\/strong><\/h2>\n<p><strong>\ud83d\udc49 Cadastre-se pra poder ter acesso!<\/strong><br \/>\n<strong>Use o c\u00f3digo QUEROSHOPCLUB para ter acesso ao site. \u00c9 um clube de compras operado pela pr\u00f3pria Electrolux<\/strong><\/p>\n<p><strong>\u26a0\ufe0fOferta v\u00e1lida para hoje, 25\/05\/2023, podendo encerrar a qualquer momento!!!<\/strong><\/p>\n","protected":false},"featured_media":8469,"comment_status":"open","ping_status":"closed","template":"","meta":[],"class_list":{"0":"post-8468","1":"product","2":"type-product","3":"status-publish","4":"has-post-thumbnail","6":"product_cat-eletroportateis","8":"first","9":"instock","10":"sale","11":"shipping-taxable","12":"product-type-external"},"_links":{"self":[{"href":"https:\/\/www.vbdivulg.com\/index.php\/wp-json\/wp\/v2\/product\/8468","targetHints":{"allow":["GET"]}}],"collection":[{"href":"https:\/\/www.vbdivulg.com\/index.php\/wp-json\/wp\/v2\/product"}],"about":[{"href":"https:\/\/www.vbdivulg.com\/index.php\/wp-json\/wp\/v2\/types\/product"}],"replies":[{"embeddable":true,"href":"https:\/\/www.vbdivulg.com\/index.php\/wp-json\/wp\/v2\/comments?post=8468"}],"wp:featuredmedia":[{"embeddable":true,"href":"https:\/\/www.vbdivulg.com\/index.php\/wp-json\/wp\/v2\/media\/8469"}],"wp:attachment":[{"href":"https:\/\/www.vbdivulg.com\/index.php\/wp-json\/wp\/v2\/media?parent=8468"}],"curies":[{"name":"wp","href":"https:\/\/api.w.org\/{rel}","templated":true}]}}