{"id":8476,"date":"2023-05-26T08:26:53","date_gmt":"2023-05-26T11:26:53","guid":{"rendered":"https:\/\/www.vbdivulg.com\/?post_type=product&#038;p=8476"},"modified":"2023-05-26T08:52:38","modified_gmt":"2023-05-26T11:52:38","slug":"la-roche-posay-protetor-solar-facial-com-cor-anthelios-xl-protect-fps60-40g","status":"publish","type":"product","link":"https:\/\/www.vbdivulg.com\/index.php\/produto\/la-roche-posay-protetor-solar-facial-com-cor-anthelios-xl-protect-fps60-40g\/","title":{"rendered":"La Roche-Posay, Protetor Solar Facial com cor Anthelios XL-Protect, FPS60 40g"},"content":{"rendered":"","protected":false},"excerpt":{"rendered":"<p><strong>La Roche! *V\u00e1rios tons dispon\u00edveis* \ud83d\ude0d<\/strong><\/p>\n<p><strong>La Roche-Posay, Protetor Solar Facial com cor Anthelios XL-Protect, FPS60 40g<\/strong><\/p>\n<p><strong>\ud83d\udd25 R$ 49,90 \u00e0 vista<\/strong><\/p>\n<p><strong>\u26a0\ufe0fOferta v\u00e1lida para hoje, 26\/05\/2023, podendo encerrar a qualquer momento!!!<\/strong><\/p>\n<p><strong>\u2712\ufe0f Seja prime, primeiro m\u00eas \u00e9 gr\u00e1tis e pode cancelar quando quiser (inclusive no primeiro m\u00eas):<a href=\"https:\/\/amzn.to\/3xyV8G9\"> https:\/\/amzn.to\/3xyV8G9<\/a><\/strong><\/p>\n","protected":false},"featured_media":8477,"comment_status":"open","ping_status":"closed","template":"","meta":[],"class_list":{"0":"post-8476","1":"product","2":"type-product","3":"status-publish","4":"has-post-thumbnail","6":"product_cat-cosmeticos","8":"first","9":"instock","10":"sale","11":"shipping-taxable","12":"product-type-external"},"_links":{"self":[{"href":"https:\/\/www.vbdivulg.com\/index.php\/wp-json\/wp\/v2\/product\/8476","targetHints":{"allow":["GET"]}}],"collection":[{"href":"https:\/\/www.vbdivulg.com\/index.php\/wp-json\/wp\/v2\/product"}],"about":[{"href":"https:\/\/www.vbdivulg.com\/index.php\/wp-json\/wp\/v2\/types\/product"}],"replies":[{"embeddable":true,"href":"https:\/\/www.vbdivulg.com\/index.php\/wp-json\/wp\/v2\/comments?post=8476"}],"wp:featuredmedia":[{"embeddable":true,"href":"https:\/\/www.vbdivulg.com\/index.php\/wp-json\/wp\/v2\/media\/8477"}],"wp:attachment":[{"href":"https:\/\/www.vbdivulg.com\/index.php\/wp-json\/wp\/v2\/media?parent=8476"}],"curies":[{"name":"wp","href":"https:\/\/api.w.org\/{rel}","templated":true}]}}