{"id":8481,"date":"2023-05-26T08:32:41","date_gmt":"2023-05-26T11:32:41","guid":{"rendered":"https:\/\/www.vbdivulg.com\/?post_type=product&#038;p=8481"},"modified":"2023-05-26T08:51:56","modified_gmt":"2023-05-26T11:51:56","slug":"mascara-de-cilios-maybelline-the-colossal-volum-express-lavavel","status":"publish","type":"product","link":"https:\/\/www.vbdivulg.com\/index.php\/produto\/mascara-de-cilios-maybelline-the-colossal-volum-express-lavavel\/","title":{"rendered":"M\u00e1scara de C\u00edlios Maybelline The Colossal Volum&#8217; Express Lav\u00e1vel"},"content":{"rendered":"","protected":false},"excerpt":{"rendered":"<p><strong>Pre\u00e7o por unidade! Comprando com recorr\u00eancia sai a R$ 26,98<\/strong><\/p>\n<p><strong>M\u00e1scara de C\u00edlios Maybelline The Colossal Volum&#8217; Express Lav\u00e1vel<\/strong><\/p>\n<p><strong>\ud83d\udd25R$ 29,98 \u00e0 vista<\/strong><\/p>\n<p><strong>\u26a0\ufe0f Oferta v\u00e1lida para hoje, 26\/05\/2023, podendo encerrar a qualquer momento!!!<\/strong><\/p>\n<p><strong>\u2712\ufe0f Seja prime, primeiro m\u00eas \u00e9 gr\u00e1tis e pode cancelar quando quiser (inclusive no primeiro m\u00eas): <a href=\"https:\/\/amzn.to\/3xyV8G9\">https:\/\/amzn.to\/3xyV8G9<\/a><\/strong><\/p>\n","protected":false},"featured_media":8482,"comment_status":"open","ping_status":"closed","template":"","meta":[],"class_list":{"0":"post-8481","1":"product","2":"type-product","3":"status-publish","4":"has-post-thumbnail","6":"product_cat-beleza","8":"first","9":"instock","10":"sale","11":"shipping-taxable","12":"product-type-external"},"_links":{"self":[{"href":"https:\/\/www.vbdivulg.com\/index.php\/wp-json\/wp\/v2\/product\/8481","targetHints":{"allow":["GET"]}}],"collection":[{"href":"https:\/\/www.vbdivulg.com\/index.php\/wp-json\/wp\/v2\/product"}],"about":[{"href":"https:\/\/www.vbdivulg.com\/index.php\/wp-json\/wp\/v2\/types\/product"}],"replies":[{"embeddable":true,"href":"https:\/\/www.vbdivulg.com\/index.php\/wp-json\/wp\/v2\/comments?post=8481"}],"wp:featuredmedia":[{"embeddable":true,"href":"https:\/\/www.vbdivulg.com\/index.php\/wp-json\/wp\/v2\/media\/8482"}],"wp:attachment":[{"href":"https:\/\/www.vbdivulg.com\/index.php\/wp-json\/wp\/v2\/media?parent=8481"}],"curies":[{"name":"wp","href":"https:\/\/api.w.org\/{rel}","templated":true}]}}