{"id":8490,"date":"2023-05-26T08:48:46","date_gmt":"2023-05-26T11:48:46","guid":{"rendered":"https:\/\/www.vbdivulg.com\/?post_type=product&#038;p=8490"},"modified":"2023-05-26T08:48:46","modified_gmt":"2023-05-26T11:48:46","slug":"whisky-johnnie-walker-blonde-750ml","status":"publish","type":"product","link":"https:\/\/www.vbdivulg.com\/index.php\/produto\/whisky-johnnie-walker-blonde-750ml\/","title":{"rendered":"Whisky Johnnie Walker Blonde 750ml"},"content":{"rendered":"","protected":false},"excerpt":{"rendered":"<p><strong>\ud83e\udd43 Leve, adocicado e com notas de baunilha<\/strong><\/p>\n<p><strong>Whisky Johnnie Walker Blonde 750ml<\/strong><\/p>\n<p><strong>\ud83d\udd25 Por: R$ 82,90 \u00e0 vista<\/strong><\/p>\n<p><strong>\u26a0\ufe0f Oferta v\u00e1lida para hoje, 26\/05\/2023, podendo encerrar a qualquer momento!!!<\/strong><\/p>\n<p><strong>\u2712\ufe0f Seja prime, primeiro m\u00eas \u00e9 gr\u00e1tis e pode cancelar quando quiser (inclusive no primeiro m\u00eas): <a href=\"https:\/\/amzn.to\/3xyV8G9\">https:\/\/amzn.to\/3xyV8G9<\/a><\/strong><\/p>\n","protected":false},"featured_media":8491,"comment_status":"open","ping_status":"closed","template":"","meta":[],"class_list":{"0":"post-8490","1":"product","2":"type-product","3":"status-publish","4":"has-post-thumbnail","6":"product_cat-bebidas-alcoolicas","8":"first","9":"instock","10":"sale","11":"shipping-taxable","12":"product-type-external"},"_links":{"self":[{"href":"https:\/\/www.vbdivulg.com\/index.php\/wp-json\/wp\/v2\/product\/8490","targetHints":{"allow":["GET"]}}],"collection":[{"href":"https:\/\/www.vbdivulg.com\/index.php\/wp-json\/wp\/v2\/product"}],"about":[{"href":"https:\/\/www.vbdivulg.com\/index.php\/wp-json\/wp\/v2\/types\/product"}],"replies":[{"embeddable":true,"href":"https:\/\/www.vbdivulg.com\/index.php\/wp-json\/wp\/v2\/comments?post=8490"}],"wp:featuredmedia":[{"embeddable":true,"href":"https:\/\/www.vbdivulg.com\/index.php\/wp-json\/wp\/v2\/media\/8491"}],"wp:attachment":[{"href":"https:\/\/www.vbdivulg.com\/index.php\/wp-json\/wp\/v2\/media?parent=8490"}],"curies":[{"name":"wp","href":"https:\/\/api.w.org\/{rel}","templated":true}]}}