{"id":8493,"date":"2023-05-26T10:52:04","date_gmt":"2023-05-26T13:52:04","guid":{"rendered":"https:\/\/www.vbdivulg.com\/?post_type=product&#038;p=8493"},"modified":"2024-03-22T23:48:01","modified_gmt":"2024-03-23T02:48:01","slug":"bicicleta-aro-29-caloi-vulcan-branca-tam-17","status":"publish","type":"product","link":"https:\/\/www.vbdivulg.com\/index.php\/produto\/bicicleta-aro-29-caloi-vulcan-branca-tam-17\/","title":{"rendered":"Bicicleta Aro 29 Caloi Vulcan Branca Tam. 17"},"content":{"rendered":"","protected":false},"excerpt":{"rendered":"<p><strong>\ud83d\udeb4 Aro 29\u201d CALOI\u203c\ufe0f<\/strong><\/p>\n<p><strong>Bicicleta Aro 29 Caloi Vulcan Branca Tam. 17<\/strong><\/p>\n<p><strong>\ud83d\udd25 Por: R$ 1.169,89 em at\u00e9 10x<\/strong><\/p>\n<p><strong>\u26a0\ufe0f Oferta v\u00e1lida para hoje, 26\/05\/2023, podendo encerrar a qualquer momento!!!<\/strong><\/p>\n<p><strong>\u2712\ufe0f Seja prime, primeiro m\u00eas \u00e9 gr\u00e1tis e pode cancelar quando quiser (inclusive no primeiro m\u00eas): <a href=\"https:\/\/amzn.to\/3xyV8G9\">https:\/\/amzn.to\/3xyV8G9<\/a><\/strong><\/p>\n","protected":false},"featured_media":8494,"comment_status":"open","ping_status":"closed","template":"","meta":[],"class_list":{"0":"post-8493","1":"product","2":"type-product","3":"status-publish","4":"has-post-thumbnail","6":"product_cat-esporte","8":"first","9":"instock","10":"sale","11":"shipping-taxable","12":"product-type-external"},"_links":{"self":[{"href":"https:\/\/www.vbdivulg.com\/index.php\/wp-json\/wp\/v2\/product\/8493","targetHints":{"allow":["GET"]}}],"collection":[{"href":"https:\/\/www.vbdivulg.com\/index.php\/wp-json\/wp\/v2\/product"}],"about":[{"href":"https:\/\/www.vbdivulg.com\/index.php\/wp-json\/wp\/v2\/types\/product"}],"replies":[{"embeddable":true,"href":"https:\/\/www.vbdivulg.com\/index.php\/wp-json\/wp\/v2\/comments?post=8493"}],"wp:featuredmedia":[{"embeddable":true,"href":"https:\/\/www.vbdivulg.com\/index.php\/wp-json\/wp\/v2\/media\/8494"}],"wp:attachment":[{"href":"https:\/\/www.vbdivulg.com\/index.php\/wp-json\/wp\/v2\/media?parent=8493"}],"curies":[{"name":"wp","href":"https:\/\/api.w.org\/{rel}","templated":true}]}}